{"id":130,"date":"2020-07-30T10:57:22","date_gmt":"2020-07-30T10:57:22","guid":{"rendered":"https:\/\/www.xtechlab.co\/?page_id=130"},"modified":"2022-12-09T15:08:43","modified_gmt":"2022-12-09T15:08:43","slug":"lequipe","status":"publish","type":"page","link":"https:\/\/www.xtechlab.co\/en\/lequipe\/","title":{"rendered":"L&rsquo;\u00e9quipe"},"content":{"rendered":"<div data-elementor-type=\"wp-page\" data-elementor-id=\"130\" class=\"elementor elementor-130\" data-elementor-post-type=\"page\">\n\t\t\t\t\t\t<section class=\"elementor-section elementor-top-section elementor-element elementor-element-5155dc83 elementor-section-height-min-height elementor-section-boxed elementor-section-height-default elementor-section-items-middle\" data-id=\"5155dc83\" data-element_type=\"section\" data-e-type=\"section\" data-settings=\"{&quot;background_background&quot;:&quot;gradient&quot;,&quot;shape_divider_bottom&quot;:&quot;waves&quot;}\">\n\t\t\t\t\t<div class=\"elementor-shape elementor-shape-bottom\" aria-hidden=\"true\" data-negative=\"false\">\n\t\t\t<svg xmlns=\"http:\/\/www.w3.org\/2000\/svg\" viewbox=\"0 0 1000 100\" preserveaspectratio=\"none\">\n\t<path class=\"elementor-shape-fill\" d=\"M421.9,6.5c22.6-2.5,51.5,0.4,75.5,5.3c23.6,4.9,70.9,23.5,100.5,35.7c75.8,32.2,133.7,44.5,192.6,49.7\tc23.6,2.1,48.7,3.5,103.4-2.5c54.7-6,106.2-25.6,106.2-25.6V0H0v30.3c0,0,72,32.6,158.4,30.5c39.2-0.7,92.8-6.7,134-22.4\tc21.2-8.1,52.2-18.2,79.7-24.2C399.3,7.9,411.6,7.5,421.9,6.5z\"\/>\n<\/svg>\t\t<\/div>\n\t\t\t\t\t<div class=\"elementor-container elementor-column-gap-default\">\n\t\t\t\t\t<div class=\"elementor-column elementor-col-100 elementor-top-column elementor-element elementor-element-3ef84aee\" data-id=\"3ef84aee\" data-element_type=\"column\" data-e-type=\"column\">\n\t\t\t<div class=\"elementor-widget-wrap elementor-element-populated\">\n\t\t\t\t\t\t<div class=\"elementor-element elementor-element-595142b3 elementor-widget elementor-widget-heading\" data-id=\"595142b3\" data-element_type=\"widget\" data-e-type=\"widget\" data-widget_type=\"heading.default\">\n\t\t\t\t<div class=\"elementor-widget-container\">\n\t\t\t\t\t<h1 class=\"elementor-heading-title elementor-size-default\">The Team<\/h1>\t\t\t\t<\/div>\n\t\t\t\t<\/div>\n\t\t\t\t<div class=\"elementor-element elementor-element-1ae35a08 elementor-widget elementor-widget-spacer\" data-id=\"1ae35a08\" data-element_type=\"widget\" data-e-type=\"widget\" data-widget_type=\"spacer.default\">\n\t\t\t\t<div class=\"elementor-widget-container\">\n\t\t\t\t\t\t\t<div class=\"elementor-spacer\">\n\t\t\t<div class=\"elementor-spacer-inner\"><\/div>\n\t\t<\/div>\n\t\t\t\t\t\t<\/div>\n\t\t\t\t<\/div>\n\t\t\t\t\t<\/div>\n\t\t<\/div>\n\t\t\t\t\t<\/div>\n\t\t<\/section>\n\t\t\t\t<section class=\"elementor-section elementor-top-section elementor-element elementor-element-d54bfd0 elementor-section-boxed elementor-section-height-default elementor-section-height-default\" data-id=\"d54bfd0\" data-element_type=\"section\" data-e-type=\"section\">\n\t\t\t\t\t\t<div class=\"elementor-container elementor-column-gap-default\">\n\t\t\t\t\t<div class=\"elementor-column elementor-col-100 elementor-top-column elementor-element elementor-element-bbbb84c\" data-id=\"bbbb84c\" data-element_type=\"column\" data-e-type=\"column\">\n\t\t\t<div class=\"elementor-widget-wrap elementor-element-populated\">\n\t\t\t\t\t\t<div class=\"elementor-element elementor-element-0e5254a elementor-widget elementor-widget-heading\" data-id=\"0e5254a\" data-element_type=\"widget\" data-e-type=\"widget\" data-widget_type=\"heading.default\">\n\t\t\t\t<div class=\"elementor-widget-container\">\n\t\t\t\t\t<h2 class=\"elementor-heading-title elementor-size-default\">1. The Management<\/h2>\t\t\t\t<\/div>\n\t\t\t\t<\/div>\n\t\t\t\t<div class=\"elementor-element elementor-element-2951cca elementor-widget elementor-widget-text-editor\" data-id=\"2951cca\" data-element_type=\"widget\" data-e-type=\"widget\" data-widget_type=\"text-editor.default\">\n\t\t\t\t<div class=\"elementor-widget-container\">\n\t\t\t\t\t\t\t\t\t<p>The X-TechLab is under the direction of the Department of Training and Research Programs of the S\u00e8m\u00e8 City Development Agency. The current Director is Professor<\/p>\t\t\t\t\t\t\t\t<\/div>\n\t\t\t\t<\/div>\n\t\t\t\t<div class=\"elementor-element elementor-element-8e7cf81 elementor-widget elementor-widget-heading\" data-id=\"8e7cf81\" data-element_type=\"widget\" data-e-type=\"widget\" data-widget_type=\"heading.default\">\n\t\t\t\t<div class=\"elementor-widget-container\">\n\t\t\t\t\t<h4 class=\"elementor-heading-title elementor-size-default\">Thierry d\u2019Almeida<\/h4>\t\t\t\t<\/div>\n\t\t\t\t<\/div>\n\t\t\t\t\t<\/div>\n\t\t<\/div>\n\t\t\t\t\t<\/div>\n\t\t<\/section>\n\t\t\t\t<section class=\"elementor-section elementor-top-section elementor-element elementor-element-471bc13c elementor-section-boxed elementor-section-height-default elementor-section-height-default\" data-id=\"471bc13c\" data-element_type=\"section\" data-e-type=\"section\">\n\t\t\t\t\t\t<div class=\"elementor-container elementor-column-gap-default\">\n\t\t\t\t\t<div class=\"elementor-column elementor-col-100 elementor-top-column elementor-element elementor-element-3a3eadf6\" data-id=\"3a3eadf6\" data-element_type=\"column\" data-e-type=\"column\">\n\t\t\t<div class=\"elementor-widget-wrap elementor-element-populated\">\n\t\t\t\t\t\t<div class=\"elementor-element elementor-element-641885d9 elementor-widget elementor-widget-heading\" data-id=\"641885d9\" data-element_type=\"widget\" data-e-type=\"widget\" data-widget_type=\"heading.default\">\n\t\t\t\t<div class=\"elementor-widget-container\">\n\t\t\t\t\t<h2 class=\"elementor-heading-title elementor-size-default\">2. Co-ordination<\/h2>\t\t\t\t<\/div>\n\t\t\t\t<\/div>\n\t\t\t\t<div class=\"elementor-element elementor-element-7843361 elementor-widget elementor-widget-text-editor\" data-id=\"7843361\" data-element_type=\"widget\" data-e-type=\"widget\" data-widget_type=\"text-editor.default\">\n\t\t\t\t<div class=\"elementor-widget-container\">\n\t\t\t\t\t\t\t\t\t<p>The implementation of the different activities of the X-TechLab (training, scientific research, scientific popularization, etc.) is ensured by a team composed of researchers, administrative staff and interns.<\/p>\t\t\t\t\t\t\t\t<\/div>\n\t\t\t\t<\/div>\n\t\t\t\t\t<\/div>\n\t\t<\/div>\n\t\t\t\t\t<\/div>\n\t\t<\/section>\n\t\t\t\t<section class=\"elementor-section elementor-top-section elementor-element elementor-element-4ea626bf elementor-section-boxed elementor-section-height-default elementor-section-height-default\" data-id=\"4ea626bf\" data-element_type=\"section\" data-e-type=\"section\">\n\t\t\t\t\t\t<div class=\"elementor-container elementor-column-gap-wide\">\n\t\t\t\t\t<div class=\"elementor-column elementor-col-100 elementor-top-column elementor-element elementor-element-43ac0d46\" data-id=\"43ac0d46\" data-element_type=\"column\" data-e-type=\"column\">\n\t\t\t<div class=\"elementor-widget-wrap elementor-element-populated\">\n\t\t\t\t\t\t<section class=\"elementor-section elementor-inner-section elementor-element elementor-element-11bed84a elementor-section-boxed elementor-section-height-default elementor-section-height-default\" data-id=\"11bed84a\" data-element_type=\"section\" data-e-type=\"section\">\n\t\t\t\t\t\t<div class=\"elementor-container elementor-column-gap-default\">\n\t\t\t\t\t<div class=\"elementor-column elementor-col-50 elementor-inner-column elementor-element elementor-element-57066a57\" data-id=\"57066a57\" data-element_type=\"column\" data-e-type=\"column\">\n\t\t\t<div class=\"elementor-widget-wrap elementor-element-populated\">\n\t\t\t\t\t\t<div class=\"elementor-element elementor-element-4aa96beb elementor-position-top elementor-widget elementor-widget-image-box\" data-id=\"4aa96beb\" data-element_type=\"widget\" data-e-type=\"widget\" data-widget_type=\"image-box.default\">\n\t\t\t\t<div class=\"elementor-widget-container\">\n\t\t\t\t\t<div class=\"elementor-image-box-wrapper\"><figure class=\"elementor-image-box-img\"><img decoding=\"async\" src=\"https:\/\/www.xtechlab.co\/wp-content\/uploads\/elementor\/thumbs\/Marielle-pl9xcggu3c1cg82vmiita6nhm7sk48f222ou1p12io.png\" title=\"Marielle\" alt=\"Marielle\" loading=\"lazy\" \/><\/figure><div class=\"elementor-image-box-content\"><h4 class=\"elementor-image-box-title\">Marielle AGBAHOUNGBATA<\/h4><p class=\"elementor-image-box-description\">Research Program Manager and X-TechLab Coordinator<\/p><\/div><\/div>\t\t\t\t<\/div>\n\t\t\t\t<\/div>\n\t\t\t\t\t<\/div>\n\t\t<\/div>\n\t\t\t\t<div class=\"elementor-column elementor-col-50 elementor-inner-column elementor-element elementor-element-7769abdd\" data-id=\"7769abdd\" data-element_type=\"column\" data-e-type=\"column\">\n\t\t\t<div class=\"elementor-widget-wrap elementor-element-populated\">\n\t\t\t\t\t\t<div class=\"elementor-element elementor-element-36f6ddec elementor-position-top elementor-widget elementor-widget-image-box\" data-id=\"36f6ddec\" data-element_type=\"widget\" data-e-type=\"widget\" data-widget_type=\"image-box.default\">\n\t\t\t\t<div class=\"elementor-widget-container\">\n\t\t\t\t\t<div class=\"elementor-image-box-wrapper\"><figure class=\"elementor-image-box-img\"><img decoding=\"async\" src=\"https:\/\/www.xtechlab.co\/wp-content\/uploads\/elementor\/thumbs\/Partenaires-01-20-scaled-oujsx6m3vii7769wor8a8eg9i4qybq3e0a2yaqsykg.jpg\" title=\"Partenaires 01-20\" alt=\"Partenaires 01-20\" loading=\"lazy\" \/><\/figure><div class=\"elementor-image-box-content\"><h4 class=\"elementor-image-box-title\">Sidoine A. S. BONOU<\/h4><p class=\"elementor-image-box-description\">In charge of Research Programs and Experimental Platforms<\/p><\/div><\/div>\t\t\t\t<\/div>\n\t\t\t\t<\/div>\n\t\t\t\t\t<\/div>\n\t\t<\/div>\n\t\t\t\t\t<\/div>\n\t\t<\/section>\n\t\t\t\t<div class=\"elementor-element elementor-element-76e631f1 elementor-widget-divider--view-line elementor-widget elementor-widget-divider\" data-id=\"76e631f1\" data-element_type=\"widget\" data-e-type=\"widget\" data-widget_type=\"divider.default\">\n\t\t\t\t<div class=\"elementor-widget-container\">\n\t\t\t\t\t\t\t<div class=\"elementor-divider\">\n\t\t\t<span class=\"elementor-divider-separator\">\n\t\t\t\t\t\t<\/span>\n\t\t<\/div>\n\t\t\t\t\t\t<\/div>\n\t\t\t\t<\/div>\n\t\t\t\t<div class=\"elementor-element elementor-element-55f4b5f8 elementor-widget elementor-widget-heading\" data-id=\"55f4b5f8\" data-element_type=\"widget\" data-e-type=\"widget\" data-widget_type=\"heading.default\">\n\t\t\t\t<div class=\"elementor-widget-container\">\n\t\t\t\t\t<h3 class=\"elementor-heading-title elementor-size-default\">3. Our scientific committee<\/h3>\t\t\t\t<\/div>\n\t\t\t\t<\/div>\n\t\t\t\t<div class=\"elementor-element elementor-element-1d1f4f1b elementor-widget elementor-widget-spacer\" data-id=\"1d1f4f1b\" data-element_type=\"widget\" data-e-type=\"widget\" data-widget_type=\"spacer.default\">\n\t\t\t\t<div class=\"elementor-widget-container\">\n\t\t\t\t\t\t\t<div class=\"elementor-spacer\">\n\t\t\t<div class=\"elementor-spacer-inner\"><\/div>\n\t\t<\/div>\n\t\t\t\t\t\t<\/div>\n\t\t\t\t<\/div>\n\t\t\t\t\t<\/div>\n\t\t<\/div>\n\t\t\t\t\t<\/div>\n\t\t<\/section>\n\t\t\t\t<section class=\"elementor-section elementor-top-section elementor-element elementor-element-5b9c3a1 elementor-section-boxed elementor-section-height-default elementor-section-height-default\" data-id=\"5b9c3a1\" data-element_type=\"section\" data-e-type=\"section\">\n\t\t\t\t\t\t<div class=\"elementor-container elementor-column-gap-default\">\n\t\t\t\t\t<div class=\"elementor-column elementor-col-50 elementor-top-column elementor-element elementor-element-bbefb06\" data-id=\"bbefb06\" data-element_type=\"column\" data-e-type=\"column\">\n\t\t\t<div class=\"elementor-widget-wrap elementor-element-populated\">\n\t\t\t\t\t\t<div class=\"elementor-element elementor-element-9648b96 elementor-widget elementor-widget-text-editor\" data-id=\"9648b96\" data-element_type=\"widget\" data-e-type=\"widget\" data-widget_type=\"text-editor.default\">\n\t\t\t\t<div class=\"elementor-widget-container\">\n\t\t\t\t\t\t\t\t\t<p><span style=\"color: #1a457c;\"><strong style=\"font-weight: bold;\">CHAIR<\/strong><\/span> :\u00a0<span style=\"margin-bottom: 0px; color: #11a69c;\"><strong>Michele Zema<\/strong><\/span>, <span style=\"color: black; font-family: Calibri,Helvetica,sans-serif; font-size: medium;\"><span id=\"divtagdefaultwrapper\"><span style=\"color: black;\"><span style=\"color: #5e5e5e; font-family: Open Sans,sans-serif; font-size: small;\">IUCr Executive Outreach Officer, Professeur, University of Bari, Italy,\u00a0<\/span><a href=\"mailto:michele.zema@uniba.it\" target=\"_blank\" rel=\"noopener noreferrer\"><span style=\"font-family: Open Sans,sans-serif; font-size: small;\">michele.zema@uniba.it<\/span><\/a><\/span><\/span><\/span><\/p><p><span style=\"margin-bottom: 0px; color: #11a69c;\"><strong>Jean Chabi-Orou<\/strong><\/span>, Professeur, University of Abomey-Calavi,\u00a0Benin,\u00a0jchabi@yahoo.fr<\/p><p><span style=\"margin-bottom: 0px; color: #11a69c;\"><strong>Diallo Ahmed<\/strong><\/span>, Professeur, Princeton University,\u00a0USA,\u00a0adiallo@pppl.gov<\/p><p><span style=\"margin-bottom: 0px; color: #11a69c;\"><strong>Philip Oladijo<\/strong><\/span>, Professeur, Botswana International University of Science and Technology,\u00a0Botswana,\u00a0oladijop@biust.ac.bw<\/p><p><span style=\"margin-bottom: 0px; color: #11a69c;\"><strong>Anthony Linden<\/strong><\/span>, Professeur, University of Zurich,\u00a0Switzerland,\u00a0anthony.linden@chem.uzh.ch<\/p>\t\t\t\t\t\t\t\t<\/div>\n\t\t\t\t<\/div>\n\t\t\t\t\t<\/div>\n\t\t<\/div>\n\t\t\t\t<div class=\"elementor-column elementor-col-50 elementor-top-column elementor-element elementor-element-a536948\" data-id=\"a536948\" data-element_type=\"column\" data-e-type=\"column\">\n\t\t\t<div class=\"elementor-widget-wrap elementor-element-populated\">\n\t\t\t\t\t\t<div class=\"elementor-element elementor-element-c3058af elementor-widget elementor-widget-text-editor\" data-id=\"c3058af\" data-element_type=\"widget\" data-e-type=\"widget\" data-widget_type=\"text-editor.default\">\n\t\t\t\t<div class=\"elementor-widget-container\">\n\t\t\t\t\t\t\t\t\t<p><span style=\"margin-bottom: 0px; color: #11a69c;\"><strong>Thierry Duvaut<\/strong><\/span>, Professeur, University of Reims Champagne Ardenne, France, thierry.duvaut@univ-reims.fr<\/p><p><span style=\"margin-bottom: 0px; color: #11a69c;\"><strong>Dominique Jeulin<\/strong><\/span>, Professeur \u00c9m\u00e9rite,\u00a0 Mines-ParisTech,\u00a0France,\u00a0dominique.jeulin@mines-paristech.fr<\/p><p><span style=\"margin-bottom: 0px; color: #11a69c;\"><strong>Sekazi Mtingwa<\/strong><\/span>, Professeur \u00c9m\u00e9rite, MIT, and CEO TriSeed,\u00a0Sekazi.mtingwa@gmail.com<\/p><p><span style=\"margin-bottom: 0px; color: #11a69c;\"><strong>Carlos Ogouyandjou<\/strong><\/span>,\u00a0Professeur,\u00a0Institut de Math\u00e9matiques et Sciences Physiques,\u00a0Benin,\u00a0cogouy@gmail.com<\/p>\t\t\t\t\t\t\t\t<\/div>\n\t\t\t\t<\/div>\n\t\t\t\t\t<\/div>\n\t\t<\/div>\n\t\t\t\t\t<\/div>\n\t\t<\/section>\n\t\t\t\t<\/div>","protected":false},"excerpt":{"rendered":"<p>L\u2019\u00c9quipe 1. La Direction Le X-TechLab est plac\u00e9 sous la Direction du D\u00e9partement des Programmes Formation et Recherche de l\u2019Agence de D\u00e9veloppement de S\u00e8m\u00e8 City. L\u2019actuel Directeur est le Professeur Thierry d\u2019Almeida 2. La coordination La mise en \u0153uvre des diff\u00e9rentes activit\u00e9s du X-TechLab (formation, recherche scientifique, vulgarisation scientifique, etc.) est assur\u00e9e par une \u00e9quipe [&hellip;]<\/p>\n","protected":false},"author":7,"featured_media":0,"parent":0,"menu_order":0,"comment_status":"closed","ping_status":"closed","template":"","meta":{"_acf_changed":false,"_eb_attr":"","footnotes":""},"class_list":["post-130","page","type-page","status-publish","hentry"],"acf":[],"yoast_head":"<!-- This site is optimized with the Yoast SEO plugin v27.4 - https:\/\/yoast.com\/product\/yoast-seo-wordpress\/ -->\n<title>L&#039;\u00e9quipe - X-TechLab<\/title>\n<meta name=\"robots\" content=\"index, follow, max-snippet:-1, max-image-preview:large, max-video-preview:-1\" \/>\n<link rel=\"canonical\" href=\"https:\/\/www.xtechlab.co\/en\/lequipe\/\" \/>\n<meta property=\"og:locale\" content=\"en_US\" \/>\n<meta property=\"og:type\" content=\"article\" \/>\n<meta property=\"og:title\" content=\"L&#039;\u00e9quipe - X-TechLab\" \/>\n<meta property=\"og:description\" content=\"L\u2019\u00c9quipe 1. La Direction Le X-TechLab est plac\u00e9 sous la Direction du D\u00e9partement des Programmes Formation et Recherche de l\u2019Agence de D\u00e9veloppement de S\u00e8m\u00e8 City. L\u2019actuel Directeur est le Professeur Thierry d\u2019Almeida 2. La coordination La mise en \u0153uvre des diff\u00e9rentes activit\u00e9s du X-TechLab (formation, recherche scientifique, vulgarisation scientifique, etc.) est assur\u00e9e par une \u00e9quipe [&hellip;]\" \/>\n<meta property=\"og:url\" content=\"https:\/\/www.xtechlab.co\/en\/lequipe\/\" \/>\n<meta property=\"og:site_name\" content=\"X-TechLab\" \/>\n<meta property=\"article:publisher\" content=\"https:\/\/www.facebook.com\/xtechlab.co\/\" \/>\n<meta property=\"article:modified_time\" content=\"2022-12-09T15:08:43+00:00\" \/>\n<meta property=\"og:image\" content=\"https:\/\/www.xtechlab.co\/wp-content\/uploads\/elementor\/thumbs\/Marielle-pl9xcggu3c1cg82vmiita6nhm7sk48f222ou1p12io.png\" \/>\n<meta name=\"twitter:card\" content=\"summary_large_image\" \/>\n<meta name=\"twitter:site\" content=\"@x_techlab\" \/>\n<meta name=\"twitter:label1\" content=\"Est. reading time\" \/>\n\t<meta name=\"twitter:data1\" content=\"2 minutes\" \/>\n<script type=\"application\/ld+json\" class=\"yoast-schema-graph\">{\"@context\":\"https:\\\/\\\/schema.org\",\"@graph\":[{\"@type\":\"WebPage\",\"@id\":\"https:\\\/\\\/www.xtechlab.co\\\/lequipe\\\/\",\"url\":\"https:\\\/\\\/www.xtechlab.co\\\/lequipe\\\/\",\"name\":\"L'\u00e9quipe - X-TechLab\",\"isPartOf\":{\"@id\":\"http:\\\/\\\/www.xtechlab.co\\\/en\\\/#website\"},\"primaryImageOfPage\":{\"@id\":\"https:\\\/\\\/www.xtechlab.co\\\/lequipe\\\/#primaryimage\"},\"image\":{\"@id\":\"https:\\\/\\\/www.xtechlab.co\\\/lequipe\\\/#primaryimage\"},\"thumbnailUrl\":\"https:\\\/\\\/www.xtechlab.co\\\/wp-content\\\/uploads\\\/elementor\\\/thumbs\\\/Marielle-pl9xcggu3c1cg82vmiita6nhm7sk48f222ou1p12io.png\",\"datePublished\":\"2020-07-30T10:57:22+00:00\",\"dateModified\":\"2022-12-09T15:08:43+00:00\",\"breadcrumb\":{\"@id\":\"https:\\\/\\\/www.xtechlab.co\\\/lequipe\\\/#breadcrumb\"},\"inLanguage\":\"en-US\",\"potentialAction\":[{\"@type\":\"ReadAction\",\"target\":[\"https:\\\/\\\/www.xtechlab.co\\\/lequipe\\\/\"]}]},{\"@type\":\"ImageObject\",\"inLanguage\":\"en-US\",\"@id\":\"https:\\\/\\\/www.xtechlab.co\\\/lequipe\\\/#primaryimage\",\"url\":\"https:\\\/\\\/www.xtechlab.co\\\/wp-content\\\/uploads\\\/elementor\\\/thumbs\\\/Marielle-pl9xcggu3c1cg82vmiita6nhm7sk48f222ou1p12io.png\",\"contentUrl\":\"https:\\\/\\\/www.xtechlab.co\\\/wp-content\\\/uploads\\\/elementor\\\/thumbs\\\/Marielle-pl9xcggu3c1cg82vmiita6nhm7sk48f222ou1p12io.png\"},{\"@type\":\"BreadcrumbList\",\"@id\":\"https:\\\/\\\/www.xtechlab.co\\\/lequipe\\\/#breadcrumb\",\"itemListElement\":[{\"@type\":\"ListItem\",\"position\":1,\"name\":\"Accueil\",\"item\":\"https:\\\/\\\/www.xtechlab.co\\\/\"},{\"@type\":\"ListItem\",\"position\":2,\"name\":\"L&rsquo;\u00e9quipe\"}]},{\"@type\":\"WebSite\",\"@id\":\"http:\\\/\\\/www.xtechlab.co\\\/en\\\/#website\",\"url\":\"http:\\\/\\\/www.xtechlab.co\\\/en\\\/\",\"name\":\"X-TechLab\",\"description\":\"Bright Solutions for Africa\",\"publisher\":{\"@id\":\"http:\\\/\\\/www.xtechlab.co\\\/en\\\/#organization\"},\"potentialAction\":[{\"@type\":\"SearchAction\",\"target\":{\"@type\":\"EntryPoint\",\"urlTemplate\":\"http:\\\/\\\/www.xtechlab.co\\\/en\\\/?s={search_term_string}\"},\"query-input\":{\"@type\":\"PropertyValueSpecification\",\"valueRequired\":true,\"valueName\":\"search_term_string\"}}],\"inLanguage\":\"en-US\"},{\"@type\":\"Organization\",\"@id\":\"http:\\\/\\\/www.xtechlab.co\\\/en\\\/#organization\",\"name\":\"X-TechLab\",\"url\":\"http:\\\/\\\/www.xtechlab.co\\\/en\\\/\",\"logo\":{\"@type\":\"ImageObject\",\"inLanguage\":\"en-US\",\"@id\":\"http:\\\/\\\/www.xtechlab.co\\\/en\\\/#\\\/schema\\\/logo\\\/image\\\/\",\"url\":\"https:\\\/\\\/www.xtechlab.co\\\/wp-content\\\/uploads\\\/2020\\\/07\\\/X-TechLab-BLANC.png\",\"contentUrl\":\"https:\\\/\\\/www.xtechlab.co\\\/wp-content\\\/uploads\\\/2020\\\/07\\\/X-TechLab-BLANC.png\",\"width\":976,\"height\":265,\"caption\":\"X-TechLab\"},\"image\":{\"@id\":\"http:\\\/\\\/www.xtechlab.co\\\/en\\\/#\\\/schema\\\/logo\\\/image\\\/\"},\"sameAs\":[\"https:\\\/\\\/www.facebook.com\\\/xtechlab.co\\\/\",\"https:\\\/\\\/x.com\\\/x_techlab\",\"https:\\\/\\\/www.instagram.com\\\/x_techlab\\\/\",\"https:\\\/\\\/www.linkedin.com\\\/company\\\/x-techlab\\\/\"]}]}<\/script>\n<!-- \/ Yoast SEO plugin. -->","yoast_head_json":{"title":"L'\u00e9quipe - X-TechLab","robots":{"index":"index","follow":"follow","max-snippet":"max-snippet:-1","max-image-preview":"max-image-preview:large","max-video-preview":"max-video-preview:-1"},"canonical":"https:\/\/www.xtechlab.co\/en\/lequipe\/","og_locale":"en_US","og_type":"article","og_title":"L'\u00e9quipe - X-TechLab","og_description":"L\u2019\u00c9quipe 1. La Direction Le X-TechLab est plac\u00e9 sous la Direction du D\u00e9partement des Programmes Formation et Recherche de l\u2019Agence de D\u00e9veloppement de S\u00e8m\u00e8 City. L\u2019actuel Directeur est le Professeur Thierry d\u2019Almeida 2. La coordination La mise en \u0153uvre des diff\u00e9rentes activit\u00e9s du X-TechLab (formation, recherche scientifique, vulgarisation scientifique, etc.) est assur\u00e9e par une \u00e9quipe [&hellip;]","og_url":"https:\/\/www.xtechlab.co\/en\/lequipe\/","og_site_name":"X-TechLab","article_publisher":"https:\/\/www.facebook.com\/xtechlab.co\/","article_modified_time":"2022-12-09T15:08:43+00:00","og_image":[{"url":"https:\/\/www.xtechlab.co\/wp-content\/uploads\/elementor\/thumbs\/Marielle-pl9xcggu3c1cg82vmiita6nhm7sk48f222ou1p12io.png","type":"","width":"","height":""}],"twitter_card":"summary_large_image","twitter_site":"@x_techlab","twitter_misc":{"Est. reading time":"2 minutes"},"schema":{"@context":"https:\/\/schema.org","@graph":[{"@type":"WebPage","@id":"https:\/\/www.xtechlab.co\/lequipe\/","url":"https:\/\/www.xtechlab.co\/lequipe\/","name":"L'\u00e9quipe - X-TechLab","isPartOf":{"@id":"http:\/\/www.xtechlab.co\/en\/#website"},"primaryImageOfPage":{"@id":"https:\/\/www.xtechlab.co\/lequipe\/#primaryimage"},"image":{"@id":"https:\/\/www.xtechlab.co\/lequipe\/#primaryimage"},"thumbnailUrl":"https:\/\/www.xtechlab.co\/wp-content\/uploads\/elementor\/thumbs\/Marielle-pl9xcggu3c1cg82vmiita6nhm7sk48f222ou1p12io.png","datePublished":"2020-07-30T10:57:22+00:00","dateModified":"2022-12-09T15:08:43+00:00","breadcrumb":{"@id":"https:\/\/www.xtechlab.co\/lequipe\/#breadcrumb"},"inLanguage":"en-US","potentialAction":[{"@type":"ReadAction","target":["https:\/\/www.xtechlab.co\/lequipe\/"]}]},{"@type":"ImageObject","inLanguage":"en-US","@id":"https:\/\/www.xtechlab.co\/lequipe\/#primaryimage","url":"https:\/\/www.xtechlab.co\/wp-content\/uploads\/elementor\/thumbs\/Marielle-pl9xcggu3c1cg82vmiita6nhm7sk48f222ou1p12io.png","contentUrl":"https:\/\/www.xtechlab.co\/wp-content\/uploads\/elementor\/thumbs\/Marielle-pl9xcggu3c1cg82vmiita6nhm7sk48f222ou1p12io.png"},{"@type":"BreadcrumbList","@id":"https:\/\/www.xtechlab.co\/lequipe\/#breadcrumb","itemListElement":[{"@type":"ListItem","position":1,"name":"Accueil","item":"https:\/\/www.xtechlab.co\/"},{"@type":"ListItem","position":2,"name":"L&rsquo;\u00e9quipe"}]},{"@type":"WebSite","@id":"http:\/\/www.xtechlab.co\/en\/#website","url":"http:\/\/www.xtechlab.co\/en\/","name":"X-TechLab","description":"Bright Solutions for Africa","publisher":{"@id":"http:\/\/www.xtechlab.co\/en\/#organization"},"potentialAction":[{"@type":"SearchAction","target":{"@type":"EntryPoint","urlTemplate":"http:\/\/www.xtechlab.co\/en\/?s={search_term_string}"},"query-input":{"@type":"PropertyValueSpecification","valueRequired":true,"valueName":"search_term_string"}}],"inLanguage":"en-US"},{"@type":"Organization","@id":"http:\/\/www.xtechlab.co\/en\/#organization","name":"X-TechLab","url":"http:\/\/www.xtechlab.co\/en\/","logo":{"@type":"ImageObject","inLanguage":"en-US","@id":"http:\/\/www.xtechlab.co\/en\/#\/schema\/logo\/image\/","url":"https:\/\/www.xtechlab.co\/wp-content\/uploads\/2020\/07\/X-TechLab-BLANC.png","contentUrl":"https:\/\/www.xtechlab.co\/wp-content\/uploads\/2020\/07\/X-TechLab-BLANC.png","width":976,"height":265,"caption":"X-TechLab"},"image":{"@id":"http:\/\/www.xtechlab.co\/en\/#\/schema\/logo\/image\/"},"sameAs":["https:\/\/www.facebook.com\/xtechlab.co\/","https:\/\/x.com\/x_techlab","https:\/\/www.instagram.com\/x_techlab\/","https:\/\/www.linkedin.com\/company\/x-techlab\/"]}]}},"jetpack_sharing_enabled":true,"_links":{"self":[{"href":"https:\/\/www.xtechlab.co\/en\/wp-json\/wp\/v2\/pages\/130","targetHints":{"allow":["GET"]}}],"collection":[{"href":"https:\/\/www.xtechlab.co\/en\/wp-json\/wp\/v2\/pages"}],"about":[{"href":"https:\/\/www.xtechlab.co\/en\/wp-json\/wp\/v2\/types\/page"}],"author":[{"embeddable":true,"href":"https:\/\/www.xtechlab.co\/en\/wp-json\/wp\/v2\/users\/7"}],"replies":[{"embeddable":true,"href":"https:\/\/www.xtechlab.co\/en\/wp-json\/wp\/v2\/comments?post=130"}],"version-history":[{"count":106,"href":"https:\/\/www.xtechlab.co\/en\/wp-json\/wp\/v2\/pages\/130\/revisions"}],"predecessor-version":[{"id":4300,"href":"https:\/\/www.xtechlab.co\/en\/wp-json\/wp\/v2\/pages\/130\/revisions\/4300"}],"wp:attachment":[{"href":"https:\/\/www.xtechlab.co\/en\/wp-json\/wp\/v2\/media?parent=130"}],"curies":[{"name":"wp","href":"https:\/\/api.w.org\/{rel}","templated":true}]}}