{"id":159,"date":"2020-07-30T11:25:20","date_gmt":"2020-07-30T11:25:20","guid":{"rendered":"https:\/\/www.xtechlab.co\/?page_id=159"},"modified":"2022-09-08T11:19:36","modified_gmt":"2022-09-08T11:19:36","slug":"contact","status":"publish","type":"page","link":"https:\/\/www.xtechlab.co\/en\/contact\/","title":{"rendered":"Contact us"},"content":{"rendered":"\t\t<div data-elementor-type=\"wp-page\" data-elementor-id=\"159\" class=\"elementor elementor-159\" data-elementor-post-type=\"page\">\n\t\t\t\t\t\t<section class=\"elementor-section elementor-top-section elementor-element elementor-element-581099f7 elementor-section-height-min-height elementor-section-boxed elementor-section-height-default elementor-section-items-middle\" data-id=\"581099f7\" data-element_type=\"section\" data-e-type=\"section\" data-settings=\"{&quot;background_background&quot;:&quot;gradient&quot;,&quot;shape_divider_bottom&quot;:&quot;waves&quot;}\">\n\t\t\t\t\t<div class=\"elementor-shape elementor-shape-bottom\" aria-hidden=\"true\" data-negative=\"false\">\n\t\t\t<svg xmlns=\"http:\/\/www.w3.org\/2000\/svg\" viewBox=\"0 0 1000 100\" preserveAspectRatio=\"none\">\n\t<path class=\"elementor-shape-fill\" d=\"M421.9,6.5c22.6-2.5,51.5,0.4,75.5,5.3c23.6,4.9,70.9,23.5,100.5,35.7c75.8,32.2,133.7,44.5,192.6,49.7\n\tc23.6,2.1,48.7,3.5,103.4-2.5c54.7-6,106.2-25.6,106.2-25.6V0H0v30.3c0,0,72,32.6,158.4,30.5c39.2-0.7,92.8-6.7,134-22.4\n\tc21.2-8.1,52.2-18.2,79.7-24.2C399.3,7.9,411.6,7.5,421.9,6.5z\"\/>\n<\/svg>\t\t<\/div>\n\t\t\t\t\t<div class=\"elementor-container elementor-column-gap-default\">\n\t\t\t\t\t<div class=\"elementor-column elementor-col-100 elementor-top-column elementor-element elementor-element-1310e1b2\" data-id=\"1310e1b2\" data-element_type=\"column\" data-e-type=\"column\">\n\t\t\t<div class=\"elementor-widget-wrap elementor-element-populated\">\n\t\t\t\t\t\t<div class=\"elementor-element elementor-element-ac5bfdf elementor-widget elementor-widget-heading\" data-id=\"ac5bfdf\" data-element_type=\"widget\" data-e-type=\"widget\" data-widget_type=\"heading.default\">\n\t\t\t\t<div class=\"elementor-widget-container\">\n\t\t\t\t\t<h1 class=\"elementor-heading-title elementor-size-default\">Contactez-nous<\/h1>\t\t\t\t<\/div>\n\t\t\t\t<\/div>\n\t\t\t\t<div class=\"elementor-element elementor-element-5ec74939 elementor-widget elementor-widget-spacer\" data-id=\"5ec74939\" data-element_type=\"widget\" data-e-type=\"widget\" data-widget_type=\"spacer.default\">\n\t\t\t\t<div class=\"elementor-widget-container\">\n\t\t\t\t\t\t\t<div class=\"elementor-spacer\">\n\t\t\t<div class=\"elementor-spacer-inner\"><\/div>\n\t\t<\/div>\n\t\t\t\t\t\t<\/div>\n\t\t\t\t<\/div>\n\t\t\t\t\t<\/div>\n\t\t<\/div>\n\t\t\t\t\t<\/div>\n\t\t<\/section>\n\t\t\t\t<section class=\"elementor-section elementor-top-section elementor-element elementor-element-d164f86 elementor-section-boxed elementor-section-height-default elementor-section-height-default\" data-id=\"d164f86\" data-element_type=\"section\" data-e-type=\"section\">\n\t\t\t\t\t\t<div class=\"elementor-container elementor-column-gap-default\">\n\t\t\t\t\t<div class=\"elementor-column elementor-col-100 elementor-top-column elementor-element elementor-element-1515186\" data-id=\"1515186\" data-element_type=\"column\" data-e-type=\"column\">\n\t\t\t<div class=\"elementor-widget-wrap elementor-element-populated\">\n\t\t\t\t\t\t<div class=\"elementor-element elementor-element-baa17d9 elementor-widget elementor-widget-spacer\" data-id=\"baa17d9\" data-element_type=\"widget\" data-e-type=\"widget\" data-widget_type=\"spacer.default\">\n\t\t\t\t<div class=\"elementor-widget-container\">\n\t\t\t\t\t\t\t<div class=\"elementor-spacer\">\n\t\t\t<div class=\"elementor-spacer-inner\"><\/div>\n\t\t<\/div>\n\t\t\t\t\t\t<\/div>\n\t\t\t\t<\/div>\n\t\t\t\t\t<\/div>\n\t\t<\/div>\n\t\t\t\t\t<\/div>\n\t\t<\/section>\n\t\t\t\t<section class=\"elementor-section elementor-top-section elementor-element elementor-element-0d9eb5c elementor-section-boxed elementor-section-height-default elementor-section-height-default\" data-id=\"0d9eb5c\" data-element_type=\"section\" data-e-type=\"section\">\n\t\t\t\t\t\t<div class=\"elementor-container elementor-column-gap-default\">\n\t\t\t\t\t<div class=\"elementor-column elementor-col-50 elementor-top-column elementor-element elementor-element-ba801c6\" data-id=\"ba801c6\" data-element_type=\"column\" data-e-type=\"column\">\n\t\t\t<div class=\"elementor-widget-wrap elementor-element-populated\">\n\t\t\t\t\t\t<div class=\"elementor-element elementor-element-91d7cb5 elementor-widget elementor-widget-google_maps\" data-id=\"91d7cb5\" data-element_type=\"widget\" data-e-type=\"widget\" data-widget_type=\"google_maps.default\">\n\t\t\t\t<div class=\"elementor-widget-container\">\n\t\t\t\t\t\t\t<div class=\"elementor-custom-embed\">\n\t\t\t<iframe loading=\"lazy\"\n\t\t\t\t\tsrc=\"https:\/\/maps.google.com\/maps?q=S%C3%A8m%C3%A8%20One&#038;t=m&#038;z=16&#038;output=embed&#038;iwloc=near\"\n\t\t\t\t\ttitle=\"S\u00e8m\u00e8 One\"\n\t\t\t\t\taria-label=\"S\u00e8m\u00e8 One\"\n\t\t\t><\/iframe>\n\t\t<\/div>\n\t\t\t\t\t\t<\/div>\n\t\t\t\t<\/div>\n\t\t\t\t\t<\/div>\n\t\t<\/div>\n\t\t\t\t<div class=\"elementor-column elementor-col-50 elementor-top-column elementor-element elementor-element-a14a202\" data-id=\"a14a202\" data-element_type=\"column\" data-e-type=\"column\">\n\t\t\t<div class=\"elementor-widget-wrap elementor-element-populated\">\n\t\t\t\t\t\t<div class=\"elementor-element elementor-element-e445913 elementor-widget elementor-widget-heading\" data-id=\"e445913\" data-element_type=\"widget\" data-e-type=\"widget\" data-widget_type=\"heading.default\">\n\t\t\t\t<div class=\"elementor-widget-container\">\n\t\t\t\t\t<h2 class=\"elementor-heading-title elementor-size-default\">Besoin d'information ?<\/h2>\t\t\t\t<\/div>\n\t\t\t\t<\/div>\n\t\t\t\t<section class=\"elementor-section elementor-inner-section elementor-element elementor-element-9470b24 elementor-section-boxed elementor-section-height-default elementor-section-height-default\" data-id=\"9470b24\" data-element_type=\"section\" data-e-type=\"section\">\n\t\t\t\t\t\t<div class=\"elementor-container elementor-column-gap-default\">\n\t\t\t\t\t<div class=\"elementor-column elementor-col-100 elementor-inner-column elementor-element elementor-element-0173912\" data-id=\"0173912\" data-element_type=\"column\" data-e-type=\"column\">\n\t\t\t<div class=\"elementor-widget-wrap elementor-element-populated\">\n\t\t\t\t\t\t<div class=\"elementor-element elementor-element-604578a elementor-widget elementor-widget-text-editor\" data-id=\"604578a\" data-element_type=\"widget\" data-e-type=\"widget\" data-widget_type=\"text-editor.default\">\n\t\t\t\t<div class=\"elementor-widget-container\">\n\t\t\t\t\t\t\t\t\t<p>Laissez-nous un message et nous vous r\u00e9pondons d\u00e8s que possible.<\/p>\t\t\t\t\t\t\t\t<\/div>\n\t\t\t\t<\/div>\n\t\t\t\t<div class=\"elementor-element elementor-element-1eed0ee elementor-widget elementor-widget-wpforms\" data-id=\"1eed0ee\" data-element_type=\"widget\" data-e-type=\"widget\" data-widget_type=\"wpforms.default\">\n\t\t\t\t<div class=\"elementor-widget-container\">\n\t\t\t\t\t<div class=\"wpforms-container wpforms-container-full\" id=\"wpforms-2981\"><form id=\"wpforms-form-2981\" class=\"wpforms-validate wpforms-form wpforms-ajax-form\" data-formid=\"2981\" method=\"post\" enctype=\"multipart\/form-data\" action=\"\/en\/wp-json\/wp\/v2\/pages\/159\" data-token=\"35f6fa562f7b305b3974d63fd8f5221c\" data-token-time=\"1777407587\"><noscript class=\"wpforms-error-noscript\">Please enable JavaScript in your browser to complete this form.<\/noscript><div class=\"wpforms-field-container\"><div id=\"wpforms-2981-field_0-container\" class=\"wpforms-field wpforms-field-name\" data-field-id=\"0\"><label class=\"wpforms-field-label\">Nom <span class=\"wpforms-required-label\">*<\/span><\/label><div class=\"wpforms-field-row wpforms-field-medium\"><div class=\"wpforms-field-row-block wpforms-first wpforms-one-half\"><input type=\"text\" id=\"wpforms-2981-field_0\" class=\"wpforms-field-name-first wpforms-field-required\" name=\"wpforms[fields][0][first]\" required><label for=\"wpforms-2981-field_0\" class=\"wpforms-field-sublabel after\">First<\/label><\/div><div class=\"wpforms-field-row-block wpforms-one-half\"><input type=\"text\" id=\"wpforms-2981-field_0-last\" class=\"wpforms-field-name-last wpforms-field-required\" name=\"wpforms[fields][0][last]\" required><label for=\"wpforms-2981-field_0-last\" class=\"wpforms-field-sublabel after\">Last<\/label><\/div><\/div><\/div><div id=\"wpforms-2981-field_1-container\" class=\"wpforms-field wpforms-field-email\" data-field-id=\"1\"><label class=\"wpforms-field-label\" for=\"wpforms-2981-field_1\">E-mail <span class=\"wpforms-required-label\">*<\/span><\/label><input type=\"email\" id=\"wpforms-2981-field_1\" class=\"wpforms-field-medium wpforms-field-required\" name=\"wpforms[fields][1]\" spellcheck=\"false\" required><\/div><div id=\"wpforms-2981-field_2-container\" class=\"wpforms-field wpforms-field-textarea\" data-field-id=\"2\"><label class=\"wpforms-field-label\" for=\"wpforms-2981-field_2\">Commentaire ou message<\/label><textarea id=\"wpforms-2981-field_2\" class=\"wpforms-field-medium\" name=\"wpforms[fields][2]\" ><\/textarea><\/div><\/div><!-- .wpforms-field-container --><div class=\"wpforms-submit-container\" ><input type=\"hidden\" name=\"wpforms[id]\" value=\"2981\"><input type=\"hidden\" name=\"page_title\" value=\"\"><input type=\"hidden\" name=\"page_url\" value=\"https:\/\/www.xtechlab.co\/en\/wp-json\/wp\/v2\/pages\/159\"><input type=\"hidden\" name=\"url_referer\" value=\"\"><button type=\"submit\" name=\"wpforms[submit]\" id=\"wpforms-submit-2981\" class=\"wpforms-submit\" data-alt-text=\"Envoi en cours...\" data-submit-text=\"Envoyer\" aria-live=\"assertive\" value=\"wpforms-submit\">Envoyer<\/button><img decoding=\"async\" src=\"https:\/\/www.xtechlab.co\/wp-content\/plugins\/wpforms-lite\/assets\/images\/submit-spin.svg\" class=\"wpforms-submit-spinner\" style=\"display: none;\" width=\"26\" height=\"26\" alt=\"Loading\"><\/div><\/form><\/div>  <!-- .wpforms-container -->\t\t\t\t<\/div>\n\t\t\t\t<\/div>\n\t\t\t\t\t<\/div>\n\t\t<\/div>\n\t\t\t\t\t<\/div>\n\t\t<\/section>\n\t\t\t\t<section class=\"elementor-section elementor-inner-section elementor-element elementor-element-3458260 elementor-section-boxed elementor-section-height-default elementor-section-height-default\" data-id=\"3458260\" data-element_type=\"section\" data-e-type=\"section\">\n\t\t\t\t\t\t<div class=\"elementor-container elementor-column-gap-default\">\n\t\t\t\t\t<div class=\"elementor-column elementor-col-50 elementor-inner-column elementor-element elementor-element-7cce568\" data-id=\"7cce568\" data-element_type=\"column\" data-e-type=\"column\">\n\t\t\t<div class=\"elementor-widget-wrap elementor-element-populated\">\n\t\t\t\t\t\t<div class=\"elementor-element elementor-element-d0b5afb elementor-widget elementor-widget-heading\" data-id=\"d0b5afb\" data-element_type=\"widget\" data-e-type=\"widget\" data-widget_type=\"heading.default\">\n\t\t\t\t<div class=\"elementor-widget-container\">\n\t\t\t\t\t<h3 class=\"elementor-heading-title elementor-size-default\">G\u00e9n\u00e9ral<\/h3>\t\t\t\t<\/div>\n\t\t\t\t<\/div>\n\t\t\t\t<div class=\"elementor-element elementor-element-13a7c140 elementor-widget elementor-widget-text-editor\" data-id=\"13a7c140\" data-element_type=\"widget\" data-e-type=\"widget\" data-widget_type=\"text-editor.default\">\n\t\t\t\t<div class=\"elementor-widget-container\">\n\t\t\t\t\t\t\t\t\tImmeuble S\u00e8m\u00e8 One, Cotonou, Benin<br>\n<a href=\"https:\/\/semecity.bj\">semecity.bj<\/a>\t\t\t\t\t\t\t\t<\/div>\n\t\t\t\t<\/div>\n\t\t\t\t<div class=\"elementor-element elementor-element-2e4c317 elementor-widget elementor-widget-heading\" data-id=\"2e4c317\" data-element_type=\"widget\" data-e-type=\"widget\" data-widget_type=\"heading.default\">\n\t\t\t\t<div class=\"elementor-widget-container\">\n\t\t\t\t\t<h3 class=\"elementor-heading-title elementor-size-default\">Press &amp; Media<\/h3>\t\t\t\t<\/div>\n\t\t\t\t<\/div>\n\t\t\t\t<div class=\"elementor-element elementor-element-46fbd250 elementor-widget elementor-widget-text-editor\" data-id=\"46fbd250\" data-element_type=\"widget\" data-e-type=\"widget\" data-widget_type=\"text-editor.default\">\n\t\t\t\t<div class=\"elementor-widget-container\">\n\t\t\t\t\t\t\t\t\t<p><a href=\"mailto:marketingteam@semecity.com\">marketingteam@semecity.com<\/a><\/p>\t\t\t\t\t\t\t\t<\/div>\n\t\t\t\t<\/div>\n\t\t\t\t\t<\/div>\n\t\t<\/div>\n\t\t\t\t<div class=\"elementor-column elementor-col-50 elementor-inner-column elementor-element elementor-element-efac0f4\" data-id=\"efac0f4\" data-element_type=\"column\" data-e-type=\"column\">\n\t\t\t<div class=\"elementor-widget-wrap elementor-element-populated\">\n\t\t\t\t\t\t<div class=\"elementor-element elementor-element-836d4ba elementor-widget elementor-widget-heading\" data-id=\"836d4ba\" data-element_type=\"widget\" data-e-type=\"widget\" data-widget_type=\"heading.default\">\n\t\t\t\t<div class=\"elementor-widget-container\">\n\t\t\t\t\t<h3 class=\"elementor-heading-title elementor-size-default\">Projets de recherche<\/h3>\t\t\t\t<\/div>\n\t\t\t\t<\/div>\n\t\t\t\t<div class=\"elementor-element elementor-element-95b0fbf elementor-widget elementor-widget-text-editor\" data-id=\"95b0fbf\" data-element_type=\"widget\" data-e-type=\"widget\" data-widget_type=\"text-editor.default\">\n\t\t\t\t<div class=\"elementor-widget-container\">\n\t\t\t\t\t\t\t\t\t<strong>Dr BONOU Sidoine<\/strong><br>\n<em>Charg\u00e9 des Programmes de Recherche et des Plateformes Exp\u00e9rimentales<\/em>\n<a href=\"mailto:sobonou@semecity.com\">sobonou@semecity.com\u00a0<\/a>\t\t\t\t\t\t\t\t<\/div>\n\t\t\t\t<\/div>\n\t\t\t\t\t<\/div>\n\t\t<\/div>\n\t\t\t\t\t<\/div>\n\t\t<\/section>\n\t\t\t\t\t<\/div>\n\t\t<\/div>\n\t\t\t\t\t<\/div>\n\t\t<\/section>\n\t\t\t\t<\/div>\n\t\t","protected":false},"excerpt":{"rendered":"<p>Contactez-nous Besoin d&rsquo;information ? Laissez-nous un message et nous vous r\u00e9pondons d\u00e8s que possible. G\u00e9n\u00e9ral Immeuble S\u00e8m\u00e8 One, Cotonou, Benin semecity.bj Press &#038; Media marketingteam@semecity.com Projets de recherche Dr BONOU Sidoine Charg\u00e9 des Programmes de Recherche et des Plateformes Exp\u00e9rimentales sobonou@semecity.com\u00a0<\/p>","protected":false},"author":7,"featured_media":0,"parent":0,"menu_order":0,"comment_status":"closed","ping_status":"closed","template":"","meta":{"_acf_changed":false,"_eb_attr":"","footnotes":""},"class_list":["post-159","page","type-page","status-publish","hentry"],"acf":[],"yoast_head":"<!-- This site is optimized with the Yoast SEO plugin v27.4 - https:\/\/yoast.com\/product\/yoast-seo-wordpress\/ -->\n<title>Contact - X-TechLab<\/title>\n<meta name=\"robots\" content=\"index, follow, max-snippet:-1, max-image-preview:large, max-video-preview:-1\" \/>\n<link rel=\"canonical\" href=\"https:\/\/www.xtechlab.co\/en\/contact\/\" \/>\n<meta property=\"og:locale\" content=\"en_US\" \/>\n<meta property=\"og:type\" content=\"article\" \/>\n<meta property=\"og:title\" content=\"Contact - X-TechLab\" \/>\n<meta property=\"og:description\" content=\"Contactez-nous Besoin d&rsquo;information ? Laissez-nous un message et nous vous r\u00e9pondons d\u00e8s que possible. G\u00e9n\u00e9ral Immeuble S\u00e8m\u00e8 One, Cotonou, Benin semecity.bj Press &#038; Media marketingteam@semecity.com Projets de recherche Dr BONOU Sidoine Charg\u00e9 des Programmes de Recherche et des Plateformes Exp\u00e9rimentales sobonou@semecity.com\u00a0\" \/>\n<meta property=\"og:url\" content=\"https:\/\/www.xtechlab.co\/en\/contact\/\" \/>\n<meta property=\"og:site_name\" content=\"X-TechLab\" \/>\n<meta property=\"article:publisher\" content=\"https:\/\/www.facebook.com\/xtechlab.co\/\" \/>\n<meta property=\"article:modified_time\" content=\"2022-09-08T11:19:36+00:00\" \/>\n<meta name=\"twitter:card\" content=\"summary_large_image\" \/>\n<meta name=\"twitter:site\" content=\"@x_techlab\" \/>\n<meta name=\"twitter:label1\" content=\"Est. reading time\" \/>\n\t<meta name=\"twitter:data1\" content=\"1 minute\" \/>\n<script type=\"application\/ld+json\" class=\"yoast-schema-graph\">{\"@context\":\"https:\\\/\\\/schema.org\",\"@graph\":[{\"@type\":\"WebPage\",\"@id\":\"https:\\\/\\\/www.xtechlab.co\\\/contact\\\/\",\"url\":\"https:\\\/\\\/www.xtechlab.co\\\/contact\\\/\",\"name\":\"Contact - X-TechLab\",\"isPartOf\":{\"@id\":\"http:\\\/\\\/www.xtechlab.co\\\/en\\\/#website\"},\"datePublished\":\"2020-07-30T11:25:20+00:00\",\"dateModified\":\"2022-09-08T11:19:36+00:00\",\"breadcrumb\":{\"@id\":\"https:\\\/\\\/www.xtechlab.co\\\/contact\\\/#breadcrumb\"},\"inLanguage\":\"en-US\",\"potentialAction\":[{\"@type\":\"ReadAction\",\"target\":[\"https:\\\/\\\/www.xtechlab.co\\\/contact\\\/\"]}]},{\"@type\":\"BreadcrumbList\",\"@id\":\"https:\\\/\\\/www.xtechlab.co\\\/contact\\\/#breadcrumb\",\"itemListElement\":[{\"@type\":\"ListItem\",\"position\":1,\"name\":\"Accueil\",\"item\":\"https:\\\/\\\/www.xtechlab.co\\\/\"},{\"@type\":\"ListItem\",\"position\":2,\"name\":\"Contact\"}]},{\"@type\":\"WebSite\",\"@id\":\"http:\\\/\\\/www.xtechlab.co\\\/en\\\/#website\",\"url\":\"http:\\\/\\\/www.xtechlab.co\\\/en\\\/\",\"name\":\"X-TechLab\",\"description\":\"Bright Solutions for Africa\",\"publisher\":{\"@id\":\"http:\\\/\\\/www.xtechlab.co\\\/en\\\/#organization\"},\"potentialAction\":[{\"@type\":\"SearchAction\",\"target\":{\"@type\":\"EntryPoint\",\"urlTemplate\":\"http:\\\/\\\/www.xtechlab.co\\\/en\\\/?s={search_term_string}\"},\"query-input\":{\"@type\":\"PropertyValueSpecification\",\"valueRequired\":true,\"valueName\":\"search_term_string\"}}],\"inLanguage\":\"en-US\"},{\"@type\":\"Organization\",\"@id\":\"http:\\\/\\\/www.xtechlab.co\\\/en\\\/#organization\",\"name\":\"X-TechLab\",\"url\":\"http:\\\/\\\/www.xtechlab.co\\\/en\\\/\",\"logo\":{\"@type\":\"ImageObject\",\"inLanguage\":\"en-US\",\"@id\":\"http:\\\/\\\/www.xtechlab.co\\\/en\\\/#\\\/schema\\\/logo\\\/image\\\/\",\"url\":\"https:\\\/\\\/www.xtechlab.co\\\/wp-content\\\/uploads\\\/2020\\\/07\\\/X-TechLab-BLANC.png\",\"contentUrl\":\"https:\\\/\\\/www.xtechlab.co\\\/wp-content\\\/uploads\\\/2020\\\/07\\\/X-TechLab-BLANC.png\",\"width\":976,\"height\":265,\"caption\":\"X-TechLab\"},\"image\":{\"@id\":\"http:\\\/\\\/www.xtechlab.co\\\/en\\\/#\\\/schema\\\/logo\\\/image\\\/\"},\"sameAs\":[\"https:\\\/\\\/www.facebook.com\\\/xtechlab.co\\\/\",\"https:\\\/\\\/x.com\\\/x_techlab\",\"https:\\\/\\\/www.instagram.com\\\/x_techlab\\\/\",\"https:\\\/\\\/www.linkedin.com\\\/company\\\/x-techlab\\\/\"]}]}<\/script>\n<!-- \/ Yoast SEO plugin. -->","yoast_head_json":{"title":"Contact - X-TechLab","robots":{"index":"index","follow":"follow","max-snippet":"max-snippet:-1","max-image-preview":"max-image-preview:large","max-video-preview":"max-video-preview:-1"},"canonical":"https:\/\/www.xtechlab.co\/en\/contact\/","og_locale":"en_US","og_type":"article","og_title":"Contact - X-TechLab","og_description":"Contactez-nous Besoin d&rsquo;information ? Laissez-nous un message et nous vous r\u00e9pondons d\u00e8s que possible. G\u00e9n\u00e9ral Immeuble S\u00e8m\u00e8 One, Cotonou, Benin semecity.bj Press &#038; Media marketingteam@semecity.com Projets de recherche Dr BONOU Sidoine Charg\u00e9 des Programmes de Recherche et des Plateformes Exp\u00e9rimentales sobonou@semecity.com\u00a0","og_url":"https:\/\/www.xtechlab.co\/en\/contact\/","og_site_name":"X-TechLab","article_publisher":"https:\/\/www.facebook.com\/xtechlab.co\/","article_modified_time":"2022-09-08T11:19:36+00:00","twitter_card":"summary_large_image","twitter_site":"@x_techlab","twitter_misc":{"Est. reading time":"1 minute"},"schema":{"@context":"https:\/\/schema.org","@graph":[{"@type":"WebPage","@id":"https:\/\/www.xtechlab.co\/contact\/","url":"https:\/\/www.xtechlab.co\/contact\/","name":"Contact - X-TechLab","isPartOf":{"@id":"http:\/\/www.xtechlab.co\/en\/#website"},"datePublished":"2020-07-30T11:25:20+00:00","dateModified":"2022-09-08T11:19:36+00:00","breadcrumb":{"@id":"https:\/\/www.xtechlab.co\/contact\/#breadcrumb"},"inLanguage":"en-US","potentialAction":[{"@type":"ReadAction","target":["https:\/\/www.xtechlab.co\/contact\/"]}]},{"@type":"BreadcrumbList","@id":"https:\/\/www.xtechlab.co\/contact\/#breadcrumb","itemListElement":[{"@type":"ListItem","position":1,"name":"Accueil","item":"https:\/\/www.xtechlab.co\/"},{"@type":"ListItem","position":2,"name":"Contact"}]},{"@type":"WebSite","@id":"http:\/\/www.xtechlab.co\/en\/#website","url":"http:\/\/www.xtechlab.co\/en\/","name":"X-TechLab","description":"Bright Solutions for Africa","publisher":{"@id":"http:\/\/www.xtechlab.co\/en\/#organization"},"potentialAction":[{"@type":"SearchAction","target":{"@type":"EntryPoint","urlTemplate":"http:\/\/www.xtechlab.co\/en\/?s={search_term_string}"},"query-input":{"@type":"PropertyValueSpecification","valueRequired":true,"valueName":"search_term_string"}}],"inLanguage":"en-US"},{"@type":"Organization","@id":"http:\/\/www.xtechlab.co\/en\/#organization","name":"X-TechLab","url":"http:\/\/www.xtechlab.co\/en\/","logo":{"@type":"ImageObject","inLanguage":"en-US","@id":"http:\/\/www.xtechlab.co\/en\/#\/schema\/logo\/image\/","url":"https:\/\/www.xtechlab.co\/wp-content\/uploads\/2020\/07\/X-TechLab-BLANC.png","contentUrl":"https:\/\/www.xtechlab.co\/wp-content\/uploads\/2020\/07\/X-TechLab-BLANC.png","width":976,"height":265,"caption":"X-TechLab"},"image":{"@id":"http:\/\/www.xtechlab.co\/en\/#\/schema\/logo\/image\/"},"sameAs":["https:\/\/www.facebook.com\/xtechlab.co\/","https:\/\/x.com\/x_techlab","https:\/\/www.instagram.com\/x_techlab\/","https:\/\/www.linkedin.com\/company\/x-techlab\/"]}]}},"jetpack_sharing_enabled":true,"_links":{"self":[{"href":"https:\/\/www.xtechlab.co\/en\/wp-json\/wp\/v2\/pages\/159","targetHints":{"allow":["GET"]}}],"collection":[{"href":"https:\/\/www.xtechlab.co\/en\/wp-json\/wp\/v2\/pages"}],"about":[{"href":"https:\/\/www.xtechlab.co\/en\/wp-json\/wp\/v2\/types\/page"}],"author":[{"embeddable":true,"href":"https:\/\/www.xtechlab.co\/en\/wp-json\/wp\/v2\/users\/7"}],"replies":[{"embeddable":true,"href":"https:\/\/www.xtechlab.co\/en\/wp-json\/wp\/v2\/comments?post=159"}],"version-history":[{"count":103,"href":"https:\/\/www.xtechlab.co\/en\/wp-json\/wp\/v2\/pages\/159\/revisions"}],"predecessor-version":[{"id":3087,"href":"https:\/\/www.xtechlab.co\/en\/wp-json\/wp\/v2\/pages\/159\/revisions\/3087"}],"wp:attachment":[{"href":"https:\/\/www.xtechlab.co\/en\/wp-json\/wp\/v2\/media?parent=159"}],"curies":[{"name":"wp","href":"https:\/\/api.w.org\/{rel}","templated":true}]}}