{"id":272,"date":"2020-08-04T08:37:27","date_gmt":"2020-08-04T08:37:27","guid":{"rendered":"https:\/\/www.xtechlab.co\/?page_id=272"},"modified":"2022-03-01T14:15:51","modified_gmt":"2022-03-01T14:15:51","slug":"tomographie-et-ingenierie-mathematique","status":"publish","type":"page","link":"https:\/\/www.xtechlab.co\/en\/programmes-old\/tomographie-et-ingenierie-mathematique\/","title":{"rendered":"Ing\u00e9nierie Math\u00e9matique et Imagerie X."},"content":{"rendered":"<div data-elementor-type=\"wp-page\" data-elementor-id=\"272\" class=\"elementor elementor-272\" data-elementor-post-type=\"page\">\n\t\t\t\t\t\t<section class=\"elementor-section elementor-top-section elementor-element elementor-element-1b6c85b1 elementor-section-height-min-height elementor-section-boxed elementor-section-height-default elementor-section-items-middle\" data-id=\"1b6c85b1\" data-element_type=\"section\" data-e-type=\"section\" data-settings=\"{&quot;background_background&quot;:&quot;gradient&quot;,&quot;shape_divider_bottom&quot;:&quot;waves&quot;}\">\n\t\t\t\t\t<div class=\"elementor-shape elementor-shape-bottom\" aria-hidden=\"true\" data-negative=\"false\">\n\t\t\t<svg xmlns=\"http:\/\/www.w3.org\/2000\/svg\" viewbox=\"0 0 1000 100\" preserveaspectratio=\"none\">\n\t<path class=\"elementor-shape-fill\" d=\"M421.9,6.5c22.6-2.5,51.5,0.4,75.5,5.3c23.6,4.9,70.9,23.5,100.5,35.7c75.8,32.2,133.7,44.5,192.6,49.7\tc23.6,2.1,48.7,3.5,103.4-2.5c54.7-6,106.2-25.6,106.2-25.6V0H0v30.3c0,0,72,32.6,158.4,30.5c39.2-0.7,92.8-6.7,134-22.4\tc21.2-8.1,52.2-18.2,79.7-24.2C399.3,7.9,411.6,7.5,421.9,6.5z\"\/>\n<\/svg>\t\t<\/div>\n\t\t\t\t\t<div class=\"elementor-container elementor-column-gap-default\">\n\t\t\t\t\t<div class=\"elementor-column elementor-col-100 elementor-top-column elementor-element elementor-element-1e9241d3\" data-id=\"1e9241d3\" data-element_type=\"column\" data-e-type=\"column\">\n\t\t\t<div class=\"elementor-widget-wrap elementor-element-populated\">\n\t\t\t\t\t\t<div class=\"elementor-element elementor-element-2070cad2 elementor-widget elementor-widget-heading\" data-id=\"2070cad2\" data-element_type=\"widget\" data-e-type=\"widget\" data-widget_type=\"heading.default\">\n\t\t\t\t<div class=\"elementor-widget-container\">\n\t\t\t\t\t<h1 class=\"elementor-heading-title elementor-size-default\">Ing\u00e9nierie Math\u00e9matique<br> et imagerie X<\/h1>\t\t\t\t<\/div>\n\t\t\t\t<\/div>\n\t\t\t\t<div class=\"elementor-element elementor-element-28ca5cff elementor-widget elementor-widget-spacer\" data-id=\"28ca5cff\" data-element_type=\"widget\" data-e-type=\"widget\" data-widget_type=\"spacer.default\">\n\t\t\t\t<div class=\"elementor-widget-container\">\n\t\t\t\t\t\t\t<div class=\"elementor-spacer\">\n\t\t\t<div class=\"elementor-spacer-inner\"><\/div>\n\t\t<\/div>\n\t\t\t\t\t\t<\/div>\n\t\t\t\t<\/div>\n\t\t\t\t<div class=\"elementor-element elementor-element-55bdb19e elementor-widget elementor-widget-heading\" data-id=\"55bdb19e\" data-element_type=\"widget\" data-e-type=\"widget\" data-widget_type=\"heading.default\">\n\t\t\t\t<div class=\"elementor-widget-container\">\n\t\t\t\t\t<p class=\"elementor-heading-title elementor-size-default\">Derni\u00e8re session : Novembre 2020<\/p>\t\t\t\t<\/div>\n\t\t\t\t<\/div>\n\t\t\t\t\t<\/div>\n\t\t<\/div>\n\t\t\t\t\t<\/div>\n\t\t<\/section>\n\t\t\t\t<section class=\"elementor-section elementor-top-section elementor-element elementor-element-3750405 elementor-section-boxed elementor-section-height-default elementor-section-height-default\" data-id=\"3750405\" data-element_type=\"section\" data-e-type=\"section\">\n\t\t\t\t\t\t<div class=\"elementor-container elementor-column-gap-default\">\n\t\t\t\t\t<div class=\"elementor-column elementor-col-100 elementor-top-column elementor-element elementor-element-11f1724\" data-id=\"11f1724\" data-element_type=\"column\" data-e-type=\"column\">\n\t\t\t<div class=\"elementor-widget-wrap elementor-element-populated\">\n\t\t\t\t\t\t<div class=\"elementor-element elementor-element-6a58669 elementor-widget elementor-widget-spacer\" data-id=\"6a58669\" data-element_type=\"widget\" data-e-type=\"widget\" data-widget_type=\"spacer.default\">\n\t\t\t\t<div class=\"elementor-widget-container\">\n\t\t\t\t\t\t\t<div class=\"elementor-spacer\">\n\t\t\t<div class=\"elementor-spacer-inner\"><\/div>\n\t\t<\/div>\n\t\t\t\t\t\t<\/div>\n\t\t\t\t<\/div>\n\t\t\t\t\t<\/div>\n\t\t<\/div>\n\t\t\t\t\t<\/div>\n\t\t<\/section>\n\t\t\t\t<section class=\"elementor-section elementor-top-section elementor-element elementor-element-d0fc8f1 elementor-section-boxed elementor-section-height-default elementor-section-height-default\" data-id=\"d0fc8f1\" data-element_type=\"section\" data-e-type=\"section\">\n\t\t\t\t\t\t<div class=\"elementor-container elementor-column-gap-default\">\n\t\t\t\t\t<div class=\"elementor-column elementor-col-50 elementor-top-column elementor-element elementor-element-bba4559\" data-id=\"bba4559\" data-element_type=\"column\" data-e-type=\"column\">\n\t\t\t<div class=\"elementor-widget-wrap elementor-element-populated\">\n\t\t\t\t\t\t<div class=\"elementor-element elementor-element-8563b01 elementor-widget elementor-widget-text-editor\" data-id=\"8563b01\" data-element_type=\"widget\" data-e-type=\"widget\" data-widget_type=\"text-editor.default\">\n\t\t\t\t<div class=\"elementor-widget-container\">\n\t\t\t\t\t\t\t\t\t<ul><li>Contextualization and examples<\/li><li>Presentation of an industrial problem: formulation and objectives<\/li><li>Macroscopic developments: mesoscopic scale<\/li><li>Construction of a numerical tool for extracting morphology from granular media<\/li><li>Results and numerical applications (mechanical, thermal)<\/li><li>Morphological approach<\/li><li>Micro tomographic in situ tests<\/li><\/ul>\t\t\t\t\t\t\t\t<\/div>\n\t\t\t\t<\/div>\n\t\t\t\t\t<\/div>\n\t\t<\/div>\n\t\t\t\t<div class=\"elementor-column elementor-col-50 elementor-top-column elementor-element elementor-element-da62c30\" data-id=\"da62c30\" data-element_type=\"column\" data-e-type=\"column\">\n\t\t\t<div class=\"elementor-widget-wrap elementor-element-populated\">\n\t\t\t\t\t\t<div class=\"elementor-element elementor-element-6f98e05 elementor-widget elementor-widget-text-editor\" data-id=\"6f98e05\" data-element_type=\"widget\" data-e-type=\"widget\" data-widget_type=\"text-editor.default\">\n\t\t\t\t<div class=\"elementor-widget-container\">\n\t\t\t\t\t\t\t\t\t<ul><li>Field measurement in solid mechanics<\/li><li>Mechanical tests and measurements<\/li><li>Image processing<\/li><li>Metrology<\/li><li>Kinematics of deformable media<\/li><li>Local image correlation<\/li><li>Overall image correlation<\/li><\/ul>\t\t\t\t\t\t\t\t<\/div>\n\t\t\t\t<\/div>\n\t\t\t\t\t<\/div>\n\t\t<\/div>\n\t\t\t\t\t<\/div>\n\t\t<\/section>\n\t\t\t\t<section class=\"elementor-section elementor-top-section elementor-element elementor-element-bca0172 elementor-section-boxed elementor-section-height-default elementor-section-height-default\" data-id=\"bca0172\" data-element_type=\"section\" data-e-type=\"section\">\n\t\t\t\t\t\t<div class=\"elementor-container elementor-column-gap-default\">\n\t\t\t\t\t<div class=\"elementor-column elementor-col-100 elementor-top-column elementor-element elementor-element-ae37006\" data-id=\"ae37006\" data-element_type=\"column\" data-e-type=\"column\">\n\t\t\t<div class=\"elementor-widget-wrap elementor-element-populated\">\n\t\t\t\t\t\t<div class=\"elementor-element elementor-element-9ae74d7 elementor-widget elementor-widget-text-editor\" data-id=\"9ae74d7\" data-element_type=\"widget\" data-e-type=\"widget\" data-widget_type=\"text-editor.default\">\n\t\t\t\t<div class=\"elementor-widget-container\">\n\t\t\t\t\t\t\t\t\tRetrouvez le r\u00e9sum\u00e9 de la derni\u00e8re session ici : <a href=\"https:\/\/www.xtechlab.co\/en\/uncategorized\/rapport-synthese-de-la-deuxieme-edition-des-sessions-de-formation-x-techlab-novembre-2020\/\">Rapport synth\u00e8se de la deuxi\u00e8me \u00e9dition des sessions de formation X-TechLab<\/a>.\t\t\t\t\t\t\t\t<\/div>\n\t\t\t\t<\/div>\n\t\t\t\t\t<\/div>\n\t\t<\/div>\n\t\t\t\t\t<\/div>\n\t\t<\/section>\n\t\t\t\t<\/div>","protected":false},"excerpt":{"rendered":"<p>Ing\u00e9nierie Math\u00e9matique et imagerie X Derni\u00e8re session : Novembre 2020 Contextualization and examples Presentation of an industrial problem: formulation and objectives Macroscopic developments: mesoscopic scale Construction of a numerical tool for extracting morphology from granular media Results and numerical applications (mechanical, thermal) Morphological approach Micro tomographic in situ tests Field measurement in solid mechanics Mechanical [&hellip;]<\/p>\n","protected":false},"author":7,"featured_media":0,"parent":214,"menu_order":1,"comment_status":"closed","ping_status":"closed","template":"","meta":{"_acf_changed":false,"_eb_attr":"","footnotes":""},"class_list":["post-272","page","type-page","status-publish","hentry"],"acf":[],"yoast_head":"<!-- This site is optimized with the Yoast SEO plugin v27.4 - https:\/\/yoast.com\/product\/yoast-seo-wordpress\/ -->\n<title>Ing\u00e9nierie Math\u00e9matique et Imagerie X. - X-TechLab<\/title>\n<meta name=\"robots\" content=\"index, follow, max-snippet:-1, max-image-preview:large, max-video-preview:-1\" \/>\n<link rel=\"canonical\" href=\"https:\/\/www.xtechlab.co\/en\/programmes-old\/tomographie-et-ingenierie-mathematique\/\" \/>\n<meta property=\"og:locale\" content=\"en_US\" \/>\n<meta property=\"og:type\" content=\"article\" \/>\n<meta property=\"og:title\" content=\"Ing\u00e9nierie Math\u00e9matique et Imagerie X. - X-TechLab\" \/>\n<meta property=\"og:description\" content=\"Ing\u00e9nierie Math\u00e9matique et imagerie X Derni\u00e8re session : Novembre 2020 Contextualization and examples Presentation of an industrial problem: formulation and objectives Macroscopic developments: mesoscopic scale Construction of a numerical tool for extracting morphology from granular media Results and numerical applications (mechanical, thermal) Morphological approach Micro tomographic in situ tests Field measurement in solid mechanics Mechanical [&hellip;]\" \/>\n<meta property=\"og:url\" content=\"https:\/\/www.xtechlab.co\/en\/programmes-old\/tomographie-et-ingenierie-mathematique\/\" \/>\n<meta property=\"og:site_name\" content=\"X-TechLab\" \/>\n<meta property=\"article:publisher\" content=\"https:\/\/www.facebook.com\/xtechlab.co\/\" \/>\n<meta property=\"article:modified_time\" content=\"2022-03-01T14:15:51+00:00\" \/>\n<meta name=\"twitter:card\" content=\"summary_large_image\" \/>\n<meta name=\"twitter:site\" content=\"@x_techlab\" \/>\n<meta name=\"twitter:label1\" content=\"Est. reading time\" \/>\n\t<meta name=\"twitter:data1\" content=\"1 minute\" \/>\n<script type=\"application\/ld+json\" class=\"yoast-schema-graph\">{\"@context\":\"https:\\\/\\\/schema.org\",\"@graph\":[{\"@type\":\"WebPage\",\"@id\":\"https:\\\/\\\/www.xtechlab.co\\\/programmes-old\\\/tomographie-et-ingenierie-mathematique\\\/\",\"url\":\"https:\\\/\\\/www.xtechlab.co\\\/programmes-old\\\/tomographie-et-ingenierie-mathematique\\\/\",\"name\":\"Ing\u00e9nierie Math\u00e9matique et Imagerie X. - X-TechLab\",\"isPartOf\":{\"@id\":\"http:\\\/\\\/www.xtechlab.co\\\/en\\\/#website\"},\"datePublished\":\"2020-08-04T08:37:27+00:00\",\"dateModified\":\"2022-03-01T14:15:51+00:00\",\"breadcrumb\":{\"@id\":\"https:\\\/\\\/www.xtechlab.co\\\/programmes-old\\\/tomographie-et-ingenierie-mathematique\\\/#breadcrumb\"},\"inLanguage\":\"en-US\",\"potentialAction\":[{\"@type\":\"ReadAction\",\"target\":[\"https:\\\/\\\/www.xtechlab.co\\\/programmes-old\\\/tomographie-et-ingenierie-mathematique\\\/\"]}]},{\"@type\":\"BreadcrumbList\",\"@id\":\"https:\\\/\\\/www.xtechlab.co\\\/programmes-old\\\/tomographie-et-ingenierie-mathematique\\\/#breadcrumb\",\"itemListElement\":[{\"@type\":\"ListItem\",\"position\":1,\"name\":\"Accueil\",\"item\":\"https:\\\/\\\/www.xtechlab.co\\\/\"},{\"@type\":\"ListItem\",\"position\":2,\"name\":\"Programmes\",\"item\":\"https:\\\/\\\/www.xtechlab.co\\\/?page_id=214\"},{\"@type\":\"ListItem\",\"position\":3,\"name\":\"Ing\u00e9nierie Math\u00e9matique et Imagerie X.\"}]},{\"@type\":\"WebSite\",\"@id\":\"http:\\\/\\\/www.xtechlab.co\\\/en\\\/#website\",\"url\":\"http:\\\/\\\/www.xtechlab.co\\\/en\\\/\",\"name\":\"X-TechLab\",\"description\":\"Bright Solutions for Africa\",\"publisher\":{\"@id\":\"http:\\\/\\\/www.xtechlab.co\\\/en\\\/#organization\"},\"potentialAction\":[{\"@type\":\"SearchAction\",\"target\":{\"@type\":\"EntryPoint\",\"urlTemplate\":\"http:\\\/\\\/www.xtechlab.co\\\/en\\\/?s={search_term_string}\"},\"query-input\":{\"@type\":\"PropertyValueSpecification\",\"valueRequired\":true,\"valueName\":\"search_term_string\"}}],\"inLanguage\":\"en-US\"},{\"@type\":\"Organization\",\"@id\":\"http:\\\/\\\/www.xtechlab.co\\\/en\\\/#organization\",\"name\":\"X-TechLab\",\"url\":\"http:\\\/\\\/www.xtechlab.co\\\/en\\\/\",\"logo\":{\"@type\":\"ImageObject\",\"inLanguage\":\"en-US\",\"@id\":\"http:\\\/\\\/www.xtechlab.co\\\/en\\\/#\\\/schema\\\/logo\\\/image\\\/\",\"url\":\"https:\\\/\\\/www.xtechlab.co\\\/wp-content\\\/uploads\\\/2020\\\/07\\\/X-TechLab-BLANC.png\",\"contentUrl\":\"https:\\\/\\\/www.xtechlab.co\\\/wp-content\\\/uploads\\\/2020\\\/07\\\/X-TechLab-BLANC.png\",\"width\":976,\"height\":265,\"caption\":\"X-TechLab\"},\"image\":{\"@id\":\"http:\\\/\\\/www.xtechlab.co\\\/en\\\/#\\\/schema\\\/logo\\\/image\\\/\"},\"sameAs\":[\"https:\\\/\\\/www.facebook.com\\\/xtechlab.co\\\/\",\"https:\\\/\\\/x.com\\\/x_techlab\",\"https:\\\/\\\/www.instagram.com\\\/x_techlab\\\/\",\"https:\\\/\\\/www.linkedin.com\\\/company\\\/x-techlab\\\/\"]}]}<\/script>\n<!-- \/ Yoast SEO plugin. -->","yoast_head_json":{"title":"Ing\u00e9nierie Math\u00e9matique et Imagerie X. - X-TechLab","robots":{"index":"index","follow":"follow","max-snippet":"max-snippet:-1","max-image-preview":"max-image-preview:large","max-video-preview":"max-video-preview:-1"},"canonical":"https:\/\/www.xtechlab.co\/en\/programmes-old\/tomographie-et-ingenierie-mathematique\/","og_locale":"en_US","og_type":"article","og_title":"Ing\u00e9nierie Math\u00e9matique et Imagerie X. - X-TechLab","og_description":"Ing\u00e9nierie Math\u00e9matique et imagerie X Derni\u00e8re session : Novembre 2020 Contextualization and examples Presentation of an industrial problem: formulation and objectives Macroscopic developments: mesoscopic scale Construction of a numerical tool for extracting morphology from granular media Results and numerical applications (mechanical, thermal) Morphological approach Micro tomographic in situ tests Field measurement in solid mechanics Mechanical [&hellip;]","og_url":"https:\/\/www.xtechlab.co\/en\/programmes-old\/tomographie-et-ingenierie-mathematique\/","og_site_name":"X-TechLab","article_publisher":"https:\/\/www.facebook.com\/xtechlab.co\/","article_modified_time":"2022-03-01T14:15:51+00:00","twitter_card":"summary_large_image","twitter_site":"@x_techlab","twitter_misc":{"Est. reading time":"1 minute"},"schema":{"@context":"https:\/\/schema.org","@graph":[{"@type":"WebPage","@id":"https:\/\/www.xtechlab.co\/programmes-old\/tomographie-et-ingenierie-mathematique\/","url":"https:\/\/www.xtechlab.co\/programmes-old\/tomographie-et-ingenierie-mathematique\/","name":"Ing\u00e9nierie Math\u00e9matique et Imagerie X. - X-TechLab","isPartOf":{"@id":"http:\/\/www.xtechlab.co\/en\/#website"},"datePublished":"2020-08-04T08:37:27+00:00","dateModified":"2022-03-01T14:15:51+00:00","breadcrumb":{"@id":"https:\/\/www.xtechlab.co\/programmes-old\/tomographie-et-ingenierie-mathematique\/#breadcrumb"},"inLanguage":"en-US","potentialAction":[{"@type":"ReadAction","target":["https:\/\/www.xtechlab.co\/programmes-old\/tomographie-et-ingenierie-mathematique\/"]}]},{"@type":"BreadcrumbList","@id":"https:\/\/www.xtechlab.co\/programmes-old\/tomographie-et-ingenierie-mathematique\/#breadcrumb","itemListElement":[{"@type":"ListItem","position":1,"name":"Accueil","item":"https:\/\/www.xtechlab.co\/"},{"@type":"ListItem","position":2,"name":"Programmes","item":"https:\/\/www.xtechlab.co\/?page_id=214"},{"@type":"ListItem","position":3,"name":"Ing\u00e9nierie Math\u00e9matique et Imagerie X."}]},{"@type":"WebSite","@id":"http:\/\/www.xtechlab.co\/en\/#website","url":"http:\/\/www.xtechlab.co\/en\/","name":"X-TechLab","description":"Bright Solutions for Africa","publisher":{"@id":"http:\/\/www.xtechlab.co\/en\/#organization"},"potentialAction":[{"@type":"SearchAction","target":{"@type":"EntryPoint","urlTemplate":"http:\/\/www.xtechlab.co\/en\/?s={search_term_string}"},"query-input":{"@type":"PropertyValueSpecification","valueRequired":true,"valueName":"search_term_string"}}],"inLanguage":"en-US"},{"@type":"Organization","@id":"http:\/\/www.xtechlab.co\/en\/#organization","name":"X-TechLab","url":"http:\/\/www.xtechlab.co\/en\/","logo":{"@type":"ImageObject","inLanguage":"en-US","@id":"http:\/\/www.xtechlab.co\/en\/#\/schema\/logo\/image\/","url":"https:\/\/www.xtechlab.co\/wp-content\/uploads\/2020\/07\/X-TechLab-BLANC.png","contentUrl":"https:\/\/www.xtechlab.co\/wp-content\/uploads\/2020\/07\/X-TechLab-BLANC.png","width":976,"height":265,"caption":"X-TechLab"},"image":{"@id":"http:\/\/www.xtechlab.co\/en\/#\/schema\/logo\/image\/"},"sameAs":["https:\/\/www.facebook.com\/xtechlab.co\/","https:\/\/x.com\/x_techlab","https:\/\/www.instagram.com\/x_techlab\/","https:\/\/www.linkedin.com\/company\/x-techlab\/"]}]}},"jetpack_sharing_enabled":true,"_links":{"self":[{"href":"https:\/\/www.xtechlab.co\/en\/wp-json\/wp\/v2\/pages\/272","targetHints":{"allow":["GET"]}}],"collection":[{"href":"https:\/\/www.xtechlab.co\/en\/wp-json\/wp\/v2\/pages"}],"about":[{"href":"https:\/\/www.xtechlab.co\/en\/wp-json\/wp\/v2\/types\/page"}],"author":[{"embeddable":true,"href":"https:\/\/www.xtechlab.co\/en\/wp-json\/wp\/v2\/users\/7"}],"replies":[{"embeddable":true,"href":"https:\/\/www.xtechlab.co\/en\/wp-json\/wp\/v2\/comments?post=272"}],"version-history":[{"count":38,"href":"https:\/\/www.xtechlab.co\/en\/wp-json\/wp\/v2\/pages\/272\/revisions"}],"predecessor-version":[{"id":4355,"href":"https:\/\/www.xtechlab.co\/en\/wp-json\/wp\/v2\/pages\/272\/revisions\/4355"}],"up":[{"embeddable":true,"href":"https:\/\/www.xtechlab.co\/en\/wp-json\/wp\/v2\/pages\/214"}],"wp:attachment":[{"href":"https:\/\/www.xtechlab.co\/en\/wp-json\/wp\/v2\/media?parent=272"}],"curies":[{"name":"wp","href":"https:\/\/api.w.org\/{rel}","templated":true}]}}