{"id":3371,"date":"2022-09-15T16:42:55","date_gmt":"2022-09-15T16:42:55","guid":{"rendered":"https:\/\/www.xtechlab.co\/?page_id=3371"},"modified":"2022-09-16T13:52:24","modified_gmt":"2022-09-16T13:52:24","slug":"recherche-scientifique","status":"publish","type":"page","link":"https:\/\/www.xtechlab.co\/en\/recherche-scientifique\/","title":{"rendered":"Scientific research"},"content":{"rendered":"<div data-elementor-type=\"wp-page\" data-elementor-id=\"3371\" class=\"elementor elementor-3371\" data-elementor-post-type=\"page\">\n\t\t\t\t\t\t<section class=\"elementor-section elementor-top-section elementor-element elementor-element-7f70df5 elementor-section-height-min-height elementor-section-boxed elementor-section-height-default elementor-section-items-middle\" data-id=\"7f70df5\" data-element_type=\"section\" data-e-type=\"section\" data-settings=\"{&quot;background_background&quot;:&quot;classic&quot;}\">\n\t\t\t\t\t\t<div class=\"elementor-container elementor-column-gap-default\">\n\t\t\t\t\t<div class=\"elementor-column elementor-col-50 elementor-top-column elementor-element elementor-element-42211bf\" data-id=\"42211bf\" data-element_type=\"column\" data-e-type=\"column\">\n\t\t\t<div class=\"elementor-widget-wrap elementor-element-populated\">\n\t\t\t\t\t\t<div class=\"elementor-element elementor-element-473a9c3 elementor-widget elementor-widget-heading\" data-id=\"473a9c3\" data-element_type=\"widget\" data-e-type=\"widget\" data-widget_type=\"heading.default\">\n\t\t\t\t<div class=\"elementor-widget-container\">\n\t\t\t\t\t<h5 class=\"elementor-heading-title elementor-size-default\">L\u2019Appel \u00e0 projet pour la s\u00e9lection et la mise en \u0153uvre de projets de recherche sera lanc\u00e9 au premier trimestre 2023<\/h5>\t\t\t\t<\/div>\n\t\t\t\t<\/div>\n\t\t\t\t\t<\/div>\n\t\t<\/div>\n\t\t\t\t<div class=\"elementor-column elementor-col-50 elementor-top-column elementor-element elementor-element-cb6456e\" data-id=\"cb6456e\" data-element_type=\"column\" data-e-type=\"column\">\n\t\t\t<div class=\"elementor-widget-wrap\">\n\t\t\t\t\t\t\t<\/div>\n\t\t<\/div>\n\t\t\t\t\t<\/div>\n\t\t<\/section>\n\t\t\t\t<section class=\"elementor-section elementor-top-section elementor-element elementor-element-f4282ee elementor-section-boxed elementor-section-height-default elementor-section-height-default\" data-id=\"f4282ee\" data-element_type=\"section\" data-e-type=\"section\">\n\t\t\t\t\t\t<div class=\"elementor-container elementor-column-gap-default\">\n\t\t\t\t\t<div class=\"elementor-column elementor-col-100 elementor-top-column elementor-element elementor-element-908c384\" data-id=\"908c384\" data-element_type=\"column\" data-e-type=\"column\">\n\t\t\t<div class=\"elementor-widget-wrap elementor-element-populated\">\n\t\t\t\t\t\t\t<\/div>\n\t\t<\/div>\n\t\t\t\t\t<\/div>\n\t\t<\/section>\n\t\t\t\t<section class=\"elementor-section elementor-top-section elementor-element elementor-element-74078b0 elementor-section-boxed elementor-section-height-default elementor-section-height-default\" data-id=\"74078b0\" data-element_type=\"section\" data-e-type=\"section\">\n\t\t\t\t\t\t<div class=\"elementor-container elementor-column-gap-default\">\n\t\t\t\t\t<div class=\"elementor-column elementor-col-100 elementor-top-column elementor-element elementor-element-ad29854\" data-id=\"ad29854\" data-element_type=\"column\" data-e-type=\"column\">\n\t\t\t<div class=\"elementor-widget-wrap elementor-element-populated\">\n\t\t\t\t\t\t<div class=\"elementor-element elementor-element-fc27e70 elementor-widget elementor-widget-heading\" data-id=\"fc27e70\" data-element_type=\"widget\" data-e-type=\"widget\" data-widget_type=\"heading.default\">\n\t\t\t\t<div class=\"elementor-widget-container\">\n\t\t\t\t\t<h5 class=\"elementor-heading-title elementor-size-default\">Le tableau ci-dessous pr\u00e9sente quelques articles scientifiques\npubli\u00e9s par les chercheurs ayant b\u00e9n\u00e9fici\u00e9 de l\u2019accompagnement du X-TechLab.<\/h5>\t\t\t\t<\/div>\n\t\t\t\t<\/div>\n\t\t\t\t\t<\/div>\n\t\t<\/div>\n\t\t\t\t\t<\/div>\n\t\t<\/section>\n\t\t\t\t<section class=\"elementor-section elementor-top-section elementor-element elementor-element-8c87cba elementor-section-boxed elementor-section-height-default elementor-section-height-default\" data-id=\"8c87cba\" data-element_type=\"section\" data-e-type=\"section\">\n\t\t\t\t\t\t<div class=\"elementor-container elementor-column-gap-default\">\n\t\t\t\t\t<div class=\"elementor-column elementor-col-100 elementor-top-column elementor-element elementor-element-410c34f\" data-id=\"410c34f\" data-element_type=\"column\" data-e-type=\"column\">\n\t\t\t<div class=\"elementor-widget-wrap elementor-element-populated\">\n\t\t\t\t\t\t\t<\/div>\n\t\t<\/div>\n\t\t\t\t\t<\/div>\n\t\t<\/section>\n\t\t\t\t<section class=\"elementor-section elementor-top-section elementor-element elementor-element-5a41e5c elementor-section-boxed elementor-section-height-default elementor-section-height-default\" data-id=\"5a41e5c\" data-element_type=\"section\" data-e-type=\"section\">\n\t\t\t\t\t\t<div class=\"elementor-container elementor-column-gap-default\">\n\t\t\t\t\t<div class=\"elementor-column elementor-col-100 elementor-top-column elementor-element elementor-element-c8e9781\" data-id=\"c8e9781\" data-element_type=\"column\" data-e-type=\"column\">\n\t\t\t<div class=\"elementor-widget-wrap\">\n\t\t\t\t\t\t\t<\/div>\n\t\t<\/div>\n\t\t\t\t\t<\/div>\n\t\t<\/section>\n\t\t\t\t<section class=\"elementor-section elementor-top-section elementor-element elementor-element-39564db elementor-section-boxed elementor-section-height-default elementor-section-height-default\" data-id=\"39564db\" data-element_type=\"section\" data-e-type=\"section\">\n\t\t\t\t\t\t<div class=\"elementor-container elementor-column-gap-default\">\n\t\t\t\t\t<div class=\"elementor-column elementor-col-100 elementor-top-column elementor-element elementor-element-dc3031d\" data-id=\"dc3031d\" data-element_type=\"column\" data-e-type=\"column\">\n\t\t\t<div class=\"elementor-widget-wrap elementor-element-populated\">\n\t\t\t\t\t\t\t<\/div>\n\t\t<\/div>\n\t\t\t\t\t<\/div>\n\t\t<\/section>\n\t\t\t\t<\/div>","protected":false},"excerpt":{"rendered":"<p>L\u2019Appel \u00e0 projet pour la s\u00e9lection et la mise en \u0153uvre de projets de recherche sera lanc\u00e9 au premier trimestre 2023 Le tableau ci-dessous pr\u00e9sente quelques articles scientifiques publi\u00e9s par les chercheurs ayant b\u00e9n\u00e9fici\u00e9 de l\u2019accompagnement du X-TechLab. N\u00b0 Publications References 1 Crystal structure of a new phenyl(morpholino)- methanethione derivative: 4-[(morpholin-4-yl)- carbothioyl]benzoic acid Finagnon Hyacinthe [&hellip;]<\/p>\n","protected":false},"author":9,"featured_media":0,"parent":0,"menu_order":0,"comment_status":"closed","ping_status":"closed","template":"","meta":{"_acf_changed":false,"_eb_attr":"","footnotes":""},"class_list":["post-3371","page","type-page","status-publish","hentry"],"acf":[],"yoast_head":"<!-- This site is optimized with the Yoast SEO plugin v27.4 - https:\/\/yoast.com\/product\/yoast-seo-wordpress\/ -->\n<title>Recherche scientifique - X-TechLab<\/title>\n<meta name=\"robots\" content=\"index, follow, max-snippet:-1, max-image-preview:large, max-video-preview:-1\" \/>\n<link rel=\"canonical\" href=\"https:\/\/www.xtechlab.co\/en\/recherche-scientifique\/\" \/>\n<meta property=\"og:locale\" content=\"en_US\" \/>\n<meta property=\"og:type\" content=\"article\" \/>\n<meta property=\"og:title\" content=\"Recherche scientifique - X-TechLab\" \/>\n<meta property=\"og:description\" content=\"L\u2019Appel \u00e0 projet pour la s\u00e9lection et la mise en \u0153uvre de projets de recherche sera lanc\u00e9 au premier trimestre 2023 Le tableau ci-dessous pr\u00e9sente quelques articles scientifiques publi\u00e9s par les chercheurs ayant b\u00e9n\u00e9fici\u00e9 de l\u2019accompagnement du X-TechLab. N\u00b0 Publications References 1 Crystal structure of a new phenyl(morpholino)- methanethione derivative: 4-[(morpholin-4-yl)- carbothioyl]benzoic acid Finagnon Hyacinthe [&hellip;]\" \/>\n<meta property=\"og:url\" content=\"https:\/\/www.xtechlab.co\/en\/recherche-scientifique\/\" \/>\n<meta property=\"og:site_name\" content=\"X-TechLab\" \/>\n<meta property=\"article:publisher\" content=\"https:\/\/www.facebook.com\/xtechlab.co\/\" \/>\n<meta property=\"article:modified_time\" content=\"2022-09-16T13:52:24+00:00\" \/>\n<meta name=\"twitter:card\" content=\"summary_large_image\" \/>\n<meta name=\"twitter:site\" content=\"@x_techlab\" \/>\n<meta name=\"twitter:label1\" content=\"Est. reading time\" \/>\n\t<meta name=\"twitter:data1\" content=\"1 minute\" \/>\n<script type=\"application\/ld+json\" class=\"yoast-schema-graph\">{\"@context\":\"https:\\\/\\\/schema.org\",\"@graph\":[{\"@type\":\"WebPage\",\"@id\":\"https:\\\/\\\/www.xtechlab.co\\\/recherche-scientifique\\\/\",\"url\":\"https:\\\/\\\/www.xtechlab.co\\\/recherche-scientifique\\\/\",\"name\":\"Recherche scientifique - X-TechLab\",\"isPartOf\":{\"@id\":\"http:\\\/\\\/www.xtechlab.co\\\/en\\\/#website\"},\"datePublished\":\"2022-09-15T16:42:55+00:00\",\"dateModified\":\"2022-09-16T13:52:24+00:00\",\"breadcrumb\":{\"@id\":\"https:\\\/\\\/www.xtechlab.co\\\/recherche-scientifique\\\/#breadcrumb\"},\"inLanguage\":\"en-US\",\"potentialAction\":[{\"@type\":\"ReadAction\",\"target\":[\"https:\\\/\\\/www.xtechlab.co\\\/recherche-scientifique\\\/\"]}]},{\"@type\":\"BreadcrumbList\",\"@id\":\"https:\\\/\\\/www.xtechlab.co\\\/recherche-scientifique\\\/#breadcrumb\",\"itemListElement\":[{\"@type\":\"ListItem\",\"position\":1,\"name\":\"Accueil\",\"item\":\"https:\\\/\\\/www.xtechlab.co\\\/\"},{\"@type\":\"ListItem\",\"position\":2,\"name\":\"Recherche scientifique\"}]},{\"@type\":\"WebSite\",\"@id\":\"http:\\\/\\\/www.xtechlab.co\\\/en\\\/#website\",\"url\":\"http:\\\/\\\/www.xtechlab.co\\\/en\\\/\",\"name\":\"X-TechLab\",\"description\":\"Bright Solutions for Africa\",\"publisher\":{\"@id\":\"http:\\\/\\\/www.xtechlab.co\\\/en\\\/#organization\"},\"potentialAction\":[{\"@type\":\"SearchAction\",\"target\":{\"@type\":\"EntryPoint\",\"urlTemplate\":\"http:\\\/\\\/www.xtechlab.co\\\/en\\\/?s={search_term_string}\"},\"query-input\":{\"@type\":\"PropertyValueSpecification\",\"valueRequired\":true,\"valueName\":\"search_term_string\"}}],\"inLanguage\":\"en-US\"},{\"@type\":\"Organization\",\"@id\":\"http:\\\/\\\/www.xtechlab.co\\\/en\\\/#organization\",\"name\":\"X-TechLab\",\"url\":\"http:\\\/\\\/www.xtechlab.co\\\/en\\\/\",\"logo\":{\"@type\":\"ImageObject\",\"inLanguage\":\"en-US\",\"@id\":\"http:\\\/\\\/www.xtechlab.co\\\/en\\\/#\\\/schema\\\/logo\\\/image\\\/\",\"url\":\"https:\\\/\\\/www.xtechlab.co\\\/wp-content\\\/uploads\\\/2020\\\/07\\\/X-TechLab-BLANC.png\",\"contentUrl\":\"https:\\\/\\\/www.xtechlab.co\\\/wp-content\\\/uploads\\\/2020\\\/07\\\/X-TechLab-BLANC.png\",\"width\":976,\"height\":265,\"caption\":\"X-TechLab\"},\"image\":{\"@id\":\"http:\\\/\\\/www.xtechlab.co\\\/en\\\/#\\\/schema\\\/logo\\\/image\\\/\"},\"sameAs\":[\"https:\\\/\\\/www.facebook.com\\\/xtechlab.co\\\/\",\"https:\\\/\\\/x.com\\\/x_techlab\",\"https:\\\/\\\/www.instagram.com\\\/x_techlab\\\/\",\"https:\\\/\\\/www.linkedin.com\\\/company\\\/x-techlab\\\/\"]}]}<\/script>\n<!-- \/ Yoast SEO plugin. -->","yoast_head_json":{"title":"Recherche scientifique - X-TechLab","robots":{"index":"index","follow":"follow","max-snippet":"max-snippet:-1","max-image-preview":"max-image-preview:large","max-video-preview":"max-video-preview:-1"},"canonical":"https:\/\/www.xtechlab.co\/en\/recherche-scientifique\/","og_locale":"en_US","og_type":"article","og_title":"Recherche scientifique - X-TechLab","og_description":"L\u2019Appel \u00e0 projet pour la s\u00e9lection et la mise en \u0153uvre de projets de recherche sera lanc\u00e9 au premier trimestre 2023 Le tableau ci-dessous pr\u00e9sente quelques articles scientifiques publi\u00e9s par les chercheurs ayant b\u00e9n\u00e9fici\u00e9 de l\u2019accompagnement du X-TechLab. N\u00b0 Publications References 1 Crystal structure of a new phenyl(morpholino)- methanethione derivative: 4-[(morpholin-4-yl)- carbothioyl]benzoic acid Finagnon Hyacinthe [&hellip;]","og_url":"https:\/\/www.xtechlab.co\/en\/recherche-scientifique\/","og_site_name":"X-TechLab","article_publisher":"https:\/\/www.facebook.com\/xtechlab.co\/","article_modified_time":"2022-09-16T13:52:24+00:00","twitter_card":"summary_large_image","twitter_site":"@x_techlab","twitter_misc":{"Est. reading time":"1 minute"},"schema":{"@context":"https:\/\/schema.org","@graph":[{"@type":"WebPage","@id":"https:\/\/www.xtechlab.co\/recherche-scientifique\/","url":"https:\/\/www.xtechlab.co\/recherche-scientifique\/","name":"Recherche scientifique - X-TechLab","isPartOf":{"@id":"http:\/\/www.xtechlab.co\/en\/#website"},"datePublished":"2022-09-15T16:42:55+00:00","dateModified":"2022-09-16T13:52:24+00:00","breadcrumb":{"@id":"https:\/\/www.xtechlab.co\/recherche-scientifique\/#breadcrumb"},"inLanguage":"en-US","potentialAction":[{"@type":"ReadAction","target":["https:\/\/www.xtechlab.co\/recherche-scientifique\/"]}]},{"@type":"BreadcrumbList","@id":"https:\/\/www.xtechlab.co\/recherche-scientifique\/#breadcrumb","itemListElement":[{"@type":"ListItem","position":1,"name":"Accueil","item":"https:\/\/www.xtechlab.co\/"},{"@type":"ListItem","position":2,"name":"Recherche scientifique"}]},{"@type":"WebSite","@id":"http:\/\/www.xtechlab.co\/en\/#website","url":"http:\/\/www.xtechlab.co\/en\/","name":"X-TechLab","description":"Bright Solutions for Africa","publisher":{"@id":"http:\/\/www.xtechlab.co\/en\/#organization"},"potentialAction":[{"@type":"SearchAction","target":{"@type":"EntryPoint","urlTemplate":"http:\/\/www.xtechlab.co\/en\/?s={search_term_string}"},"query-input":{"@type":"PropertyValueSpecification","valueRequired":true,"valueName":"search_term_string"}}],"inLanguage":"en-US"},{"@type":"Organization","@id":"http:\/\/www.xtechlab.co\/en\/#organization","name":"X-TechLab","url":"http:\/\/www.xtechlab.co\/en\/","logo":{"@type":"ImageObject","inLanguage":"en-US","@id":"http:\/\/www.xtechlab.co\/en\/#\/schema\/logo\/image\/","url":"https:\/\/www.xtechlab.co\/wp-content\/uploads\/2020\/07\/X-TechLab-BLANC.png","contentUrl":"https:\/\/www.xtechlab.co\/wp-content\/uploads\/2020\/07\/X-TechLab-BLANC.png","width":976,"height":265,"caption":"X-TechLab"},"image":{"@id":"http:\/\/www.xtechlab.co\/en\/#\/schema\/logo\/image\/"},"sameAs":["https:\/\/www.facebook.com\/xtechlab.co\/","https:\/\/x.com\/x_techlab","https:\/\/www.instagram.com\/x_techlab\/","https:\/\/www.linkedin.com\/company\/x-techlab\/"]}]}},"jetpack_sharing_enabled":true,"_links":{"self":[{"href":"https:\/\/www.xtechlab.co\/en\/wp-json\/wp\/v2\/pages\/3371","targetHints":{"allow":["GET"]}}],"collection":[{"href":"https:\/\/www.xtechlab.co\/en\/wp-json\/wp\/v2\/pages"}],"about":[{"href":"https:\/\/www.xtechlab.co\/en\/wp-json\/wp\/v2\/types\/page"}],"author":[{"embeddable":true,"href":"https:\/\/www.xtechlab.co\/en\/wp-json\/wp\/v2\/users\/9"}],"replies":[{"embeddable":true,"href":"https:\/\/www.xtechlab.co\/en\/wp-json\/wp\/v2\/comments?post=3371"}],"version-history":[{"count":31,"href":"https:\/\/www.xtechlab.co\/en\/wp-json\/wp\/v2\/pages\/3371\/revisions"}],"predecessor-version":[{"id":3458,"href":"https:\/\/www.xtechlab.co\/en\/wp-json\/wp\/v2\/pages\/3371\/revisions\/3458"}],"wp:attachment":[{"href":"https:\/\/www.xtechlab.co\/en\/wp-json\/wp\/v2\/media?parent=3371"}],"curies":[{"name":"wp","href":"https:\/\/api.w.org\/{rel}","templated":true}]}}